{"id":3969,"date":"2025-12-03T16:01:48","date_gmt":"2025-12-03T16:01:48","guid":{"rendered":"https:\/\/rexfabold.excite.cloud\/?page_id=3969"},"modified":"2025-12-03T16:08:45","modified_gmt":"2025-12-03T16:08:45","slug":"comptable-de-gestion","status":"publish","type":"page","link":"https:\/\/rexfabold.excite.cloud\/fr-ca\/comptable-de-gestion\/","title":{"rendered":"Comptable de Gestion"},"content":{"rendered":"<p>[et_pb_section fb_built=\u00a0\u00bb1&Prime; _builder_version=\u00a0\u00bb4.19.4&Prime; _module_preset=\u00a0\u00bbdefault\u00a0\u00bb background_image=\u00a0\u00bbhttps:\/\/rexfabold.excite.cloud\/wp-content\/uploads\/2022\/12\/header-blank.jpg\u00a0\u00bb locked=\u00a0\u00bboff\u00a0\u00bb global_colors_info=\u00a0\u00bb{}\u00a0\u00bb][et_pb_row custom_padding_last_edited=\u00a0\u00bbon|phone\u00a0\u00bb _builder_version=\u00a0\u00bb4.19.3&Prime; _module_preset=\u00a0\u00bbdefault\u00a0\u00bb custom_padding=\u00a0\u00bb88px||88px||true|false\u00a0\u00bb custom_padding_tablet=\u00a0\u00bb88px||88px||true|false\u00a0\u00bb custom_padding_phone=\u00a0\u00bb14px||14px||true|false\u00a0\u00bb scroll_fade_enable=\u00a0\u00bbon\u00a0\u00bb motion_trigger_start=\u00a0\u00bbtop\u00a0\u00bb global_colors_info=\u00a0\u00bb{}\u00a0\u00bb][et_pb_column type=\u00a0\u00bb4_4&Prime; _builder_version=\u00a0\u00bb4.19.3&Prime; _module_preset=\u00a0\u00bbdefault\u00a0\u00bb global_colors_info=\u00a0\u00bb{}\u00a0\u00bb][et_pb_image src=\u00a0\u00bbhttps:\/\/rexfabold.excite.cloud\/wp-content\/uploads\/2022\/12\/triangle-accent-white.png\u00a0\u00bb title_text=\u00a0\u00bbtriangle-accent-white\u00a0\u00bb align=\u00a0\u00bbcenter\u00a0\u00bb _builder_version=\u00a0\u00bb4.19.3&Prime; _module_preset=\u00a0\u00bbdefault\u00a0\u00bb custom_margin=\u00a0\u00bb||0px||false|false\u00a0\u00bb global_colors_info=\u00a0\u00bb{}\u00a0\u00bb][\/et_pb_image][et_pb_text _builder_version=\u00a0\u00bb4.27.4&Prime; _module_preset=\u00a0\u00bbdefault\u00a0\u00bb text_font=\u00a0\u00bb|700|||||||\u00a0\u00bb text_text_color=\u00a0\u00bb#ffffff\u00a0\u00bb text_font_size=\u00a0\u00bb22px\u00a0\u00bb header_font=\u00a0\u00bb|700|||||||\u00a0\u00bb header_text_align=\u00a0\u00bbcenter\u00a0\u00bb header_text_color=\u00a0\u00bb#FFFFFF\u00a0\u00bb header_font_size=\u00a0\u00bb38px\u00a0\u00bb header_line_height=\u00a0\u00bb1.2em\u00a0\u00bb header_5_text_align=\u00a0\u00bbcenter\u00a0\u00bb header_5_text_color=\u00a0\u00bb#FFFFFF\u00a0\u00bb header_5_font_size=\u00a0\u00bb20px\u00a0\u00bb header_5_line_height=\u00a0\u00bb1.3em\u00a0\u00bb text_orientation=\u00a0\u00bbcenter\u00a0\u00bb global_colors_info=\u00a0\u00bb{}\u00a0\u00bb]<\/p>\n<h1>COMPTABLE DE GESTION<\/h1>\n<p>[\/et_pb_text][\/et_pb_column][\/et_pb_row][\/et_pb_section][et_pb_section fb_built=\u00a0\u00bb1&Prime; _builder_version=\u00a0\u00bb4.19.4&Prime; _module_preset=\u00a0\u00bbdefault\u00a0\u00bb locked=\u00a0\u00bboff\u00a0\u00bb global_colors_info=\u00a0\u00bb{}\u00a0\u00bb][et_pb_row _builder_version=\u00a0\u00bb4.27.4&Prime; _module_preset=\u00a0\u00bbdefault\u00a0\u00bb custom_padding=\u00a0\u00bb||0px||false|false\u00a0\u00bb scroll_fade_enable=\u00a0\u00bbon\u00a0\u00bb global_colors_info=\u00a0\u00bb{}\u00a0\u00bb][et_pb_column type=\u00a0\u00bb4_4&Prime; _builder_version=\u00a0\u00bb4.19.4&Prime; _module_preset=\u00a0\u00bbdefault\u00a0\u00bb global_colors_info=\u00a0\u00bb{}\u00a0\u00bb][et_pb_text _builder_version=\u00a0\u00bb4.27.4&Prime; _module_preset=\u00a0\u00bbdefault\u00a0\u00bb header_3_font=\u00a0\u00bb|700|||||||\u00a0\u00bb header_3_font_size=\u00a0\u00bb24px\u00a0\u00bb header_4_line_height=\u00a0\u00bb2em\u00a0\u00bb custom_padding=\u00a0\u00bb24px|0px|24px|0px|true|true\u00a0\u00bb custom_padding_tablet=\u00a0\u00bb24px|14px|24px|14px|true|true\u00a0\u00bb custom_padding_phone=\u00a0\u00bb24px|24px|24px|24px|true|true\u00a0\u00bb custom_padding_last_edited=\u00a0\u00bbon|desktop\u00a0\u00bb hover_enabled=\u00a0\u00bb0&Prime; locked=\u00a0\u00bboff\u00a0\u00bb global_colors_info=\u00a0\u00bb{}\u00a0\u00bb sticky_enabled=\u00a0\u00bb0&Prime;]<\/p>\n<h3>SOMMAIRE DE POSTE<\/h3>\n<p>Sous la supervision de la directrice financi\u00e8re, le ou la titulaire du poste est responsable de la production d\u2019analyses financi\u00e8res, du suivi de la performance op\u00e9rationnelle et de la mise en place de contr\u00f4les permettant d\u2019optimiser les co\u00fbts et la rentabilit\u00e9. Il\/Elle joue un r\u00f4le cl\u00e9 dans l\u2019aide \u00e0 la d\u00e9cision strat\u00e9gique en fournissant des informations financi\u00e8res pr\u00e9cises, fiables et opportunes \u00e0 la direction. Il\/Elle participe\u00a0 au processus de fin de mois, assure \u00e9galement la gestion du co\u00fbt de revient, le suivi des projets en cours et la mise \u00e0 jour du co\u00fbt standard de fabrication. La personne contribuera \u00e0 l\u2019am\u00e9lioration continue des politiques et proc\u00e9dures comptables afin d\u2019en assurer la conformit\u00e9.<\/p>\n<p><strong>SUP\u00c9RIEUR IMM\u00c9DIAT<\/strong>: Directeur des Finances<br \/><strong>SECTEUR<\/strong>: Finances &amp; Comptabilit\u00e9<\/p>\n<p>[\/et_pb_text][\/et_pb_column][\/et_pb_row][\/et_pb_section][et_pb_section fb_built=\u00a0\u00bb1&Prime; _builder_version=\u00a0\u00bb4.19.3&Prime; _module_preset=\u00a0\u00bbdefault\u00a0\u00bb use_background_color_gradient=\u00a0\u00bbon\u00a0\u00bb background_color_gradient_stops=\u00a0\u00bb#000000 0%|#5b5b5b 100%\u00a0\u00bb locked=\u00a0\u00bboff\u00a0\u00bb global_colors_info=\u00a0\u00bb{}\u00a0\u00bb][et_pb_row _builder_version=\u00a0\u00bb4.19.3&Prime; _module_preset=\u00a0\u00bbdefault\u00a0\u00bb max_width=\u00a0\u00bb913px\u00a0\u00bb max_width_tablet=\u00a0\u00bb913px\u00a0\u00bb max_width_phone=\u00a0\u00bb913px\u00a0\u00bb max_width_last_edited=\u00a0\u00bbon|phone\u00a0\u00bb scroll_fade_enable=\u00a0\u00bbon\u00a0\u00bb global_colors_info=\u00a0\u00bb{}\u00a0\u00bb][et_pb_column type=\u00a0\u00bb4_4&Prime; _builder_version=\u00a0\u00bb4.19.3&Prime; _module_preset=\u00a0\u00bbdefault\u00a0\u00bb global_colors_info=\u00a0\u00bb{}\u00a0\u00bb][et_pb_text _builder_version=\u00a0\u00bb4.27.4&Prime; _module_preset=\u00a0\u00bbdefault\u00a0\u00bb header_font=\u00a0\u00bb|700|||||||\u00a0\u00bb header_text_align=\u00a0\u00bbcenter\u00a0\u00bb header_text_color=\u00a0\u00bb#00b1f0&Prime; header_font_size=\u00a0\u00bb38px\u00a0\u00bb header_2_font=\u00a0\u00bb|700|||||||\u00a0\u00bb header_2_text_align=\u00a0\u00bbcenter\u00a0\u00bb header_2_text_color=\u00a0\u00bb#00b1f0&Prime; header_2_font_size=\u00a0\u00bb30px\u00a0\u00bb header_2_line_height=\u00a0\u00bb1.2em\u00a0\u00bb header_5_text_align=\u00a0\u00bbcenter\u00a0\u00bb header_5_text_color=\u00a0\u00bb#FFFFFF\u00a0\u00bb header_5_font_size=\u00a0\u00bb20px\u00a0\u00bb header_5_line_height=\u00a0\u00bb1.3em\u00a0\u00bb global_colors_info=\u00a0\u00bb{}\u00a0\u00bb]<\/p>\n<h2>Le moteur de notre engagement ?<\/h2>\n<p>[\/et_pb_text][et_pb_text _builder_version=\u00a0\u00bb4.27.4&Prime; _module_preset=\u00a0\u00bbdefault\u00a0\u00bb text_text_color=\u00a0\u00bb#ffffff\u00a0\u00bb text_font_size=\u00a0\u00bb16px\u00a0\u00bb text_line_height=\u00a0\u00bb1.4em\u00a0\u00bb text_orientation=\u00a0\u00bbcenter\u00a0\u00bb max_width_tablet=\u00a0\u00bb\u00a0\u00bb max_width_phone=\u00a0\u00bb\u00a0\u00bb max_width_last_edited=\u00a0\u00bbon|desktop\u00a0\u00bb module_alignment=\u00a0\u00bbcenter\u00a0\u00bb global_colors_info=\u00a0\u00bb{}\u00a0\u00bb]<\/p>\n<p>Chez Rexfab, nous r\u00e9volutionnons l&rsquo;industrie de la boulangerie depuis plus de 35 ans, avec une recette unique qui m\u00e9lange automatisation de pointe et donn\u00e9es intelligentes. Notre expertise? Transformer les boulangeries traditionnelles en succ\u00e8s technologique, sans jamais perdre le go\u00fbt de l&rsquo;innovation!<\/p>\n<p>Notre secret le mieux gard\u00e9? Notre \u00e9quipe! Nous cultivons un environnement de travail o\u00f9 chaque talent peut se d\u00e9velopper. Chez Rexfab, nous offrons bien plus qu&rsquo;un simple emploi : nous cr\u00e9ons un espace o\u00f9 les d\u00e9fis professionnels stimulants se conjuguent avec l&rsquo;\u00e9panouissement personnel. Apr\u00e8s tout, les meilleures innovations naissent quand on prend du plaisir \u00e0 travailler!<\/p>\n<p>[\/et_pb_text][\/et_pb_column][\/et_pb_row][\/et_pb_section][et_pb_section fb_built=\u00a0\u00bb1&Prime; _builder_version=\u00a0\u00bb4.19.4&Prime; _module_preset=\u00a0\u00bbdefault\u00a0\u00bb background_color=\u00a0\u00bb#eeece5&Prime; custom_padding=\u00a0\u00bb0px||0px||false|false\u00a0\u00bb locked=\u00a0\u00bboff\u00a0\u00bb global_colors_info=\u00a0\u00bb{}\u00a0\u00bb][et_pb_row column_structure=\u00a0\u00bb1_2,1_2&Prime; _builder_version=\u00a0\u00bb4.19.4&Prime; _module_preset=\u00a0\u00bbdefault\u00a0\u00bb global_colors_info=\u00a0\u00bb{}\u00a0\u00bb][et_pb_column type=\u00a0\u00bb1_2&Prime; _builder_version=\u00a0\u00bb4.19.4&Prime; _module_preset=\u00a0\u00bbdefault\u00a0\u00bb global_colors_info=\u00a0\u00bb{}\u00a0\u00bb][et_pb_text _builder_version=\u00a0\u00bb4.27.4&Prime; _module_preset=\u00a0\u00bbdefault\u00a0\u00bb header_3_font=\u00a0\u00bb|700|||||||\u00a0\u00bb header_3_font_size=\u00a0\u00bb24px\u00a0\u00bb header_4_line_height=\u00a0\u00bb2em\u00a0\u00bb custom_margin=\u00a0\u00bb||||false|false\u00a0\u00bb custom_margin_tablet=\u00a0\u00bb||-42px||false|false\u00a0\u00bb custom_margin_phone=\u00a0\u00bb||-42px||false|false\u00a0\u00bb custom_margin_last_edited=\u00a0\u00bbon|desktop\u00a0\u00bb custom_padding=\u00a0\u00bb24px|14px|24px|14px|false|true\u00a0\u00bb custom_padding_tablet=\u00a0\u00bb24px|14px|0px|14px|false|true\u00a0\u00bb custom_padding_phone=\u00a0\u00bb0px|24px|0px|24px|true|true\u00a0\u00bb custom_padding_last_edited=\u00a0\u00bbon|phone\u00a0\u00bb locked=\u00a0\u00bboff\u00a0\u00bb global_colors_info=\u00a0\u00bb{}\u00a0\u00bb]<\/p>\n<h3>Principales t\u00e2ches<\/h3>\n<ul>\n<li>Assurer le traitement quotidien des transactions comptables, ainsi que la pr\u00e9sentation et l\u2019interpr\u00e9tation des r\u00e9sultats financiers.<\/li>\n<li>R\u00e9aliser le processus de fin de mois et participer \u00e0 la production des \u00e9tats financiers.<\/li>\n<li>Pr\u00e9parer le reporting et effectuer les analyses de comptes.<\/li>\n<li>R\u00e9aliser les provisions, les \u00e9critures comptables, le couru Installation et le couru transport.<\/li>\n<li>Effectuer des analyses de rentabilit\u00e9 et assurer le suivi des co\u00fbts par projet.<\/li>\n<li>Appliquer et mettre \u00e0 jour la politique de capitalisation.<\/li>\n<li>G\u00e9rer les taxes am\u00e9ricaines, les op\u00e9rations intercos et les activit\u00e9s de la filiale am\u00e9ricaine.<\/li>\n<li>Superviser et analyser le co\u00fbt standard de fabrication.<\/li>\n<li>Travailler en comptabilit\u00e9 par projet.<\/li>\n<li>Valider et expliquer les \u00e9carts entre les r\u00e9sultats r\u00e9els et le budget.<\/li>\n<li>Assurer le suivi des budgets d\u00e9partementaux en collaboration avec les directeurs.<\/li>\n<\/ul>\n<p>[\/et_pb_text][\/et_pb_column][et_pb_column type=\u00a0\u00bb1_2&Prime; _builder_version=\u00a0\u00bb4.19.4&Prime; _module_preset=\u00a0\u00bbdefault\u00a0\u00bb global_colors_info=\u00a0\u00bb{}\u00a0\u00bb][et_pb_text _builder_version=\u00a0\u00bb4.27.4&Prime; _module_preset=\u00a0\u00bbdefault\u00a0\u00bb header_3_font=\u00a0\u00bb|700|||||||\u00a0\u00bb header_3_font_size=\u00a0\u00bb24px\u00a0\u00bb header_4_line_height=\u00a0\u00bb2em\u00a0\u00bb custom_margin=\u00a0\u00bb||||false|false\u00a0\u00bb custom_padding=\u00a0\u00bb54px|14px|24px|14px|false|true\u00a0\u00bb custom_padding_tablet=\u00a0\u00bb0px|14px|0px|14px|true|true\u00a0\u00bb custom_padding_phone=\u00a0\u00bb0px|24px|24px|24px|false|true\u00a0\u00bb custom_padding_last_edited=\u00a0\u00bbon|phone\u00a0\u00bb locked=\u00a0\u00bboff\u00a0\u00bb global_colors_info=\u00a0\u00bb{}\u00a0\u00bb]<\/p>\n<ul>\n<li>Assurer le bon traitement des devises \u00e9trang\u00e8res.<\/li>\n<li>Participer \u00e0 la migration du ERP vers la nouvelle version.<\/li>\n<li>Produire les \u00e9liminations inter compagnies pour le cumul\u00e9 des \u00e9tats financiers.<\/li>\n<li>Pr\u00e9parer la d\u00e9claration des salaires pour la CNESST, le Sommaire 1 et le Relev\u00e9 1.<\/li>\n<li>Participer aux d\u00e9clarations fiscales am\u00e9ricaines.<\/li>\n<li>Calculer les commissions \u00e0 payer.<\/li>\n<li>Calculer les charges back SG&amp;A et les frais corporatifs.<\/li>\n<li>Collaborer \u00e9troitement avec la directrice financi\u00e8re dans la pr\u00e9paration des \u00e9tats financiers et dans la gestion de la tr\u00e9sorerie.<\/li>\n<li>Analyser les rapports financiers en profondeur et identifier les \u00e9carts.<\/li>\n<li>R\u00e9aliser des analyses financi\u00e8res avanc\u00e9es, \u00e9laborer des mod\u00e8les financiers et formuler des recommandations strat\u00e9giques.<\/li>\n<li>R\u00e9viser, am\u00e9liorer et documenter les politiques et proc\u00e9dures comptables et financi\u00e8res pour en assurer l\u2019efficacit\u00e9 et la conformit\u00e9.<\/li>\n<\/ul>\n<p>[\/et_pb_text][\/et_pb_column][\/et_pb_row][\/et_pb_section][et_pb_section fb_built=\u00a0\u00bb1&Prime; _builder_version=\u00a0\u00bb4.19.4&Prime; _module_preset=\u00a0\u00bbdefault\u00a0\u00bb custom_padding=\u00a0\u00bb0px||0px||false|false\u00a0\u00bb locked=\u00a0\u00bboff\u00a0\u00bb global_colors_info=\u00a0\u00bb{}\u00a0\u00bb][et_pb_row use_custom_gutter=\u00a0\u00bbon\u00a0\u00bb gutter_width=\u00a0\u00bb2&Prime; _builder_version=\u00a0\u00bb4.19.4&Prime; _module_preset=\u00a0\u00bbdefault\u00a0\u00bb global_colors_info=\u00a0\u00bb{}\u00a0\u00bb][et_pb_column type=\u00a0\u00bb4_4&Prime; _builder_version=\u00a0\u00bb4.19.4&Prime; _module_preset=\u00a0\u00bbdefault\u00a0\u00bb global_colors_info=\u00a0\u00bb{}\u00a0\u00bb][et_pb_text _builder_version=\u00a0\u00bb4.27.4&Prime; _module_preset=\u00a0\u00bbdefault\u00a0\u00bb header_3_font=\u00a0\u00bb|700|||||||\u00a0\u00bb header_3_font_size=\u00a0\u00bb24px\u00a0\u00bb header_3_line_height=\u00a0\u00bb1.4em\u00a0\u00bb header_4_line_height=\u00a0\u00bb2em\u00a0\u00bb custom_padding=\u00a0\u00bb24px|14px|24px|14px|true|true\u00a0\u00bb custom_padding_tablet=\u00a0\u00bb24px|14px|24px|14px|true|true\u00a0\u00bb custom_padding_phone=\u00a0\u00bb24px|24px|24px|24px|true|true\u00a0\u00bb custom_padding_last_edited=\u00a0\u00bbon|desktop\u00a0\u00bb global_colors_info=\u00a0\u00bb{}\u00a0\u00bb]<\/p>\n<h3>PROFIL DE COMP\u00c9TENCES<\/h3>\n<p><strong>Formation acad\u00e9mique<\/strong><\/p>\n<ul>\n<li>Dipl\u00f4me\u00a0: BAC en comptabilit\u00e9, en finance ou \u00e9quivalent<\/li>\n<li>Certification\u00a0: CPA repr\u00e9sente un atout<\/li>\n<\/ul>\n<p><strong>Exp\u00e9rience<\/strong><\/p>\n<ul>\n<li>Exp\u00e9rience\u00a0: minimum de 2 ann\u00e9es d\u2019exp\u00e9rience dans un poste similaire<\/li>\n<\/ul>\n<p><strong>Connaissances sp\u00e9cifiques<\/strong><\/p>\n<ul>\n<li>\u00catre \u00e0 l\u2019aise de travailler avec l\u2019environnement Windows et avec Excel Interm\u00e9diaire.<\/li>\n<li>Connaissance de syst\u00e8mes ERP et d\u2019un logiciel en comptabilit\u00e9.<\/li>\n<li>La ma\u00eetrise parfaite du fran\u00e7ais \u00e0 l\u2019oral et \u00e0 l\u2019\u00e9crit est essentielle pour ce poste<\/li>\n<li>La capacit\u00e9 de communiquer en anglais \u00e9crit et parl\u00e9 est requise pour \u00e9changer avec notre filiale am\u00e9ricaine et partenaires d\u2019affaires hors du Qu\u00e9bec (p.ex. clients, fournisseurs, etc.)<\/li>\n<\/ul>\n<p><strong>Comp\u00e9tences cl\u00e9s<\/strong><\/p>\n<ul>\n<li>Avoir le souci de confidentialit\u00e9 et faire preuve de rigueur<\/li>\n<li>Sens de l\u2019organisation et esprit d\u2019analyse<\/li>\n<li>Capacit\u00e9 de travailler avec plusieurs dossiers \u00e0 la fois<\/li>\n<li>Facilit\u00e9 \u00e0 collaborer avec divers acteurs internes et externes<\/li>\n<\/ul>\n<p>[\/et_pb_text][\/et_pb_column][\/et_pb_row][\/et_pb_section][et_pb_section fb_built=\u00a0\u00bb1&Prime; _builder_version=\u00a0\u00bb4.19.3&Prime; _module_preset=\u00a0\u00bbdefault\u00a0\u00bb background_color=\u00a0\u00bb#00a8e1&Prime; custom_padding=\u00a0\u00bb0px||0px||false|false\u00a0\u00bb locked=\u00a0\u00bboff\u00a0\u00bb global_colors_info=\u00a0\u00bb{}\u00a0\u00bb][et_pb_row _builder_version=\u00a0\u00bb4.19.3&Prime; _module_preset=\u00a0\u00bbdefault\u00a0\u00bb scroll_fade_enable=\u00a0\u00bbon\u00a0\u00bb global_colors_info=\u00a0\u00bb{}\u00a0\u00bb][et_pb_column type=\u00a0\u00bb4_4&Prime; _builder_version=\u00a0\u00bb4.19.3&Prime; _module_preset=\u00a0\u00bbdefault\u00a0\u00bb global_colors_info=\u00a0\u00bb{}\u00a0\u00bb][et_pb_text _builder_version=\u00a0\u00bb4.19.4&Prime; _module_preset=\u00a0\u00bbdefault\u00a0\u00bb header_font=\u00a0\u00bb|700|||||||\u00a0\u00bb header_text_align=\u00a0\u00bbcenter\u00a0\u00bb header_text_color=\u00a0\u00bb#00b1f0&Prime; header_font_size=\u00a0\u00bb38px\u00a0\u00bb header_2_font=\u00a0\u00bb|700|||||||\u00a0\u00bb header_2_text_align=\u00a0\u00bbcenter\u00a0\u00bb header_2_text_color=\u00a0\u00bb#ffffff\u00a0\u00bb header_2_font_size=\u00a0\u00bb30px\u00a0\u00bb header_5_text_align=\u00a0\u00bbcenter\u00a0\u00bb header_5_text_color=\u00a0\u00bb#FFFFFF\u00a0\u00bb header_5_font_size=\u00a0\u00bb20px\u00a0\u00bb header_5_line_height=\u00a0\u00bb1.3em\u00a0\u00bb max_width=\u00a0\u00bb70%\u00a0\u00bb max_width_tablet=\u00a0\u00bb100%\u00a0\u00bb max_width_phone=\u00a0\u00bb100%\u00a0\u00bb max_width_last_edited=\u00a0\u00bbon|phone\u00a0\u00bb module_alignment=\u00a0\u00bbcenter\u00a0\u00bb custom_margin=\u00a0\u00bb||0px||false|false\u00a0\u00bb custom_padding=\u00a0\u00bb||0px||false|false\u00a0\u00bb global_colors_info=\u00a0\u00bb{}\u00a0\u00bb]<\/p>\n<h2>Si vous pensez que votre profil correspond \u00e0 ce poste, veuillez remplir les informations et envoyez-nous votre CV, nous aimerions avoir de vos nouvelles.<\/h2>\n<p>[\/et_pb_text][et_pb_code _builder_version=\u00a0\u00bb4.27.4&Prime; _module_preset=\u00a0\u00bbdefault\u00a0\u00bb text_orientation=\u00a0\u00bbcenter\u00a0\u00bb global_colors_info=\u00a0\u00bb{}\u00a0\u00bb]<\/p>\n<div id=\"zf_div_DXWrUzF3xdsADueDf7jZUvOuHZTNSiPlUvejRitjJok\"><!-- [et_pb_line_break_holder] --><\/div>\n<p><!-- [et_pb_line_break_holder] --><script type=\"text\/javascript\"><!-- [et_pb_line_break_holder] -->(function() {<!-- [et_pb_line_break_holder] -->\ttry{<!-- [et_pb_line_break_holder] -->\t\tvar f = document.createElement(\"iframe\");<!-- [et_pb_line_break_holder] -->\t\t<!-- [et_pb_line_break_holder] -->\t\t\tvar ifrmSrc = 'https:\/\/forms.zohopublic.com\/rexfab1\/form\/ContactFormCarriresComptabledeGestionFR\/formperma\/DXWrUzF3xdsADueDf7jZUvOuHZTNSiPlUvejRitjJok?zf_rszfm=1';<!-- [et_pb_line_break_holder] -->\t\t<!-- [et_pb_line_break_holder] -->\t\t<!-- [et_pb_line_break_holder] -->        try{<!-- [et_pb_line_break_holder] -->\t\t\tif ( typeof ZFAdvLead != \"undefined\" && typeof zfutm_zfAdvLead != \"undefined\" ) {<!-- [et_pb_line_break_holder] -->\t\t\t\tfor( var prmIdx = 0 ; prmIdx < ZFAdvLead.utmPNameArr.length ; prmIdx ++ ) {<!-- [et_pb_line_break_holder] -->\t\t\t\t    var utmPm = ZFAdvLead.utmPNameArr[ prmIdx ];<!-- [et_pb_line_break_holder] -->\t\t\t\t    utmPm = ( ZFAdvLead.isSameDomian && ( ZFAdvLead.utmcustPNameArr.indexOf(utmPm) == -1 ) ) ? \"zf_\" + utmPm : utmPm;<!-- [et_pb_line_break_holder] -->\t\t\t\t    var utmVal = zfutm_zfAdvLead.zfautm_gC_enc( ZFAdvLead.utmPNameArr[ prmIdx ] );<!-- [et_pb_line_break_holder] -->\t\t\t\t    if ( typeof utmVal !== \"undefined\" ) {<!-- [et_pb_line_break_holder] -->\t\t\t\t      if ( utmVal != \"\" ) {<!-- [et_pb_line_break_holder] -->\t\t\t\t        if(ifrmSrc.indexOf('?') > 0){<!-- [et_pb_line_break_holder] -->\t\t\t\t             ifrmSrc = ifrmSrc+'&'+utmPm+'='+utmVal;<!-- [et_pb_line_break_holder] -->\t\t\t\t        }else{<!-- [et_pb_line_break_holder] -->\t\t\t\t            ifrmSrc = ifrmSrc+'?'+utmPm+'='+utmVal;<!-- [et_pb_line_break_holder] -->\t\t\t\t        }<!-- [et_pb_line_break_holder] -->\t\t\t\t      }<!-- [et_pb_line_break_holder] -->\t\t\t\t    }<!-- [et_pb_line_break_holder] -->\t\t\t\t}<!-- [et_pb_line_break_holder] -->\t\t\t}<!-- [et_pb_line_break_holder] -->\t\t\tif ( typeof ZFLead !== \"undefined\" && typeof zfutm_zfLead !== \"undefined\" ) {<!-- [et_pb_line_break_holder] -->\t\t\t\tfor( var prmIdx = 0 ; prmIdx < ZFLead.utmPNameArr.length ; prmIdx ++ ) {<!-- [et_pb_line_break_holder] -->\t\t        \tvar utmPm = ZFLead.utmPNameArr[ prmIdx ];<!-- [et_pb_line_break_holder] -->\t\t        \tvar utmVal = zfutm_zfLead.zfutm_gC_enc( ZFLead.utmPNameArr[ prmIdx ] );<!-- [et_pb_line_break_holder] -->\t\t\t        if ( typeof utmVal !== \"undefined\" ) {<!-- [et_pb_line_break_holder] -->\t\t\t          if ( utmVal != \"\" ){<!-- [et_pb_line_break_holder] -->\t\t\t            if(ifrmSrc.indexOf('?') > 0){<!-- [et_pb_line_break_holder] -->\t\t\t              ifrmSrc = ifrmSrc+'&'+utmPm+'='+utmVal;\/\/No I18N<!-- [et_pb_line_break_holder] -->\t\t\t            }else{<!-- [et_pb_line_break_holder] -->\t\t\t              ifrmSrc = ifrmSrc+'?'+utmPm+'='+utmVal;\/\/No I18N<!-- [et_pb_line_break_holder] -->\t\t\t            }<!-- [et_pb_line_break_holder] -->\t\t\t          }<!-- [et_pb_line_break_holder] -->\t\t\t        }<!-- [et_pb_line_break_holder] -->\t\t      \t}<!-- [et_pb_line_break_holder] -->\t\t\t}<!-- [et_pb_line_break_holder] -->\t\t}catch(e){}<!-- [et_pb_line_break_holder] -->\t\t<!-- [et_pb_line_break_holder] -->\t\tf.src = ifrmSrc;<!-- [et_pb_line_break_holder] -->\t\tf.style.border=\"none\";<!-- [et_pb_line_break_holder] -->\t\tf.style.height=\"719px\";<!-- [et_pb_line_break_holder] -->\t\tf.style.width=\"90%\";<!-- [et_pb_line_break_holder] -->\t\tf.style.transition=\"all 0.5s ease\";<!-- [et_pb_line_break_holder] -->\t\tf.setAttribute(\"aria-label\", 'Contact Form Carri\u00e8res \\-  Comptable de Gestion FR');<!-- [et_pb_line_break_holder] -->\t\t<!-- [et_pb_line_break_holder] -->\t\tvar d = document.getElementById(\"zf_div_DXWrUzF3xdsADueDf7jZUvOuHZTNSiPlUvejRitjJok\");<!-- [et_pb_line_break_holder] -->\t\td.appendChild(f);<!-- [et_pb_line_break_holder] -->\t\twindow.addEventListener('message', function (){<!-- [et_pb_line_break_holder] -->\t\t\tvar evntData = event.data;<!-- [et_pb_line_break_holder] -->\t\t\tif( evntData && evntData.constructor == String ){<!-- [et_pb_line_break_holder] -->\t\t\t\tvar zf_ifrm_data = evntData.split(\"|\");<!-- [et_pb_line_break_holder] -->\t\t\t\tif ( zf_ifrm_data.length == 2 || zf_ifrm_data.length == 3 ) {<!-- [et_pb_line_break_holder] -->\t\t\t\t\tvar zf_perma = zf_ifrm_data[0];<!-- [et_pb_line_break_holder] -->\t\t\t\t\tvar zf_ifrm_ht_nw = ( parseInt(zf_ifrm_data[1], 10) + 15 ) + \"px\";<!-- [et_pb_line_break_holder] -->\t\t\t\t\tvar iframe = document.getElementById(\"zf_div_DXWrUzF3xdsADueDf7jZUvOuHZTNSiPlUvejRitjJok\").getElementsByTagName(\"iframe\")[0];<!-- [et_pb_line_break_holder] -->\t\t\t\t\tif ( (iframe.src).indexOf('formperma') > 0 && (iframe.src).indexOf(zf_perma) > 0 ) {<!-- [et_pb_line_break_holder] -->\t\t\t\t\t\tvar prevIframeHeight = iframe.style.height;<!-- [et_pb_line_break_holder] -->\t\t\t\t\t\tvar zf_tout = false;<!-- [et_pb_line_break_holder] -->\t\t\t\t\t\tif( zf_ifrm_data.length == 3 ) {<!-- [et_pb_line_break_holder] -->\t\t\t\t\t\t    iframe.scrollIntoView();<!-- [et_pb_line_break_holder] -->\t\t\t\t\t\t    zf_tout = true;<!-- [et_pb_line_break_holder] -->\t\t\t\t\t\t}<!-- [et_pb_line_break_holder] --><!-- [et_pb_line_break_holder] -->\t\t\t\t\t\tif ( prevIframeHeight != zf_ifrm_ht_nw ) {<!-- [et_pb_line_break_holder] -->\t\t\t\t\t\t\tif( zf_tout ) {<!-- [et_pb_line_break_holder] -->\t\t\t\t\t\t\t    setTimeout(function(){<!-- [et_pb_line_break_holder] -->\t\t\t\t\t\t\t        iframe.style.height = zf_ifrm_ht_nw;<!-- [et_pb_line_break_holder] -->\t\t\t\t\t\t\t    },500);<!-- [et_pb_line_break_holder] -->\t\t\t\t\t\t\t} else {<!-- [et_pb_line_break_holder] -->\t\t\t\t\t\t\t    iframe.style.height = zf_ifrm_ht_nw;<!-- [et_pb_line_break_holder] -->\t\t\t\t\t\t\t}<!-- [et_pb_line_break_holder] -->\t\t\t\t\t\t}<!-- [et_pb_line_break_holder] -->\t\t\t\t\t}<!-- [et_pb_line_break_holder] -->\t\t\t\t}<!-- [et_pb_line_break_holder] -->\t\t\t}<!-- [et_pb_line_break_holder] -->\t\t}, false);<!-- [et_pb_line_break_holder] -->    }catch(e){}<!-- [et_pb_line_break_holder] -->})();<!-- [et_pb_line_break_holder] --><\/script>[\/et_pb_code][\/et_pb_column][\/et_pb_row][\/et_pb_section]<\/p>\n","protected":false},"excerpt":{"rendered":"<p>COMPTABLE DE GESTIONSOMMAIRE DE POSTE Sous la supervision de la directrice financi\u00e8re, le ou la titulaire du poste est responsable de la production d\u2019analyses financi\u00e8res, du suivi de la performance op\u00e9rationnelle et de la mise en place de contr\u00f4les permettant d\u2019optimiser les co\u00fbts et la rentabilit\u00e9. Il\/Elle joue un r\u00f4le cl\u00e9 dans l\u2019aide \u00e0 la [&hellip;]<\/p>\n","protected":false},"author":1,"featured_media":0,"parent":0,"menu_order":0,"comment_status":"closed","ping_status":"closed","template":"","meta":{"_et_pb_use_builder":"on","_et_pb_old_content":"","_et_gb_content_width":"","footnotes":""},"class_list":["post-3969","page","type-page","status-publish","hentry"],"_links":{"self":[{"href":"https:\/\/rexfabold.excite.cloud\/fr-ca\/wp-json\/wp\/v2\/pages\/3969","targetHints":{"allow":["GET"]}}],"collection":[{"href":"https:\/\/rexfabold.excite.cloud\/fr-ca\/wp-json\/wp\/v2\/pages"}],"about":[{"href":"https:\/\/rexfabold.excite.cloud\/fr-ca\/wp-json\/wp\/v2\/types\/page"}],"author":[{"embeddable":true,"href":"https:\/\/rexfabold.excite.cloud\/fr-ca\/wp-json\/wp\/v2\/users\/1"}],"replies":[{"embeddable":true,"href":"https:\/\/rexfabold.excite.cloud\/fr-ca\/wp-json\/wp\/v2\/comments?post=3969"}],"version-history":[{"count":6,"href":"https:\/\/rexfabold.excite.cloud\/fr-ca\/wp-json\/wp\/v2\/pages\/3969\/revisions"}],"predecessor-version":[{"id":3976,"href":"https:\/\/rexfabold.excite.cloud\/fr-ca\/wp-json\/wp\/v2\/pages\/3969\/revisions\/3976"}],"wp:attachment":[{"href":"https:\/\/rexfabold.excite.cloud\/fr-ca\/wp-json\/wp\/v2\/media?parent=3969"}],"curies":[{"name":"wp","href":"https:\/\/api.w.org\/{rel}","templated":true}]}}