{"id":3761,"date":"2025-05-08T18:55:49","date_gmt":"2025-05-08T18:55:49","guid":{"rendered":"https:\/\/rexfabold.excite.cloud\/representant-regional-des-ventes\/"},"modified":"2025-05-08T19:52:37","modified_gmt":"2025-05-08T19:52:37","slug":"representant-regional-des-ventes","status":"publish","type":"page","link":"https:\/\/rexfabold.excite.cloud\/fr-ca\/representant-regional-des-ventes\/","title":{"rendered":"Repr\u00e9sentant R\u00e9gional des Ventes"},"content":{"rendered":"<p>[et_pb_section fb_built=\u00a0\u00bb1&Prime; _builder_version=\u00a0\u00bb4.19.4&Prime; _module_preset=\u00a0\u00bbdefault\u00a0\u00bb background_image=\u00a0\u00bbhttps:\/\/rexfabold.excite.cloud\/wp-content\/uploads\/2022\/12\/header-blank.jpg\u00a0\u00bb global_colors_info=\u00a0\u00bb{}\u00a0\u00bb][et_pb_row custom_padding_last_edited=\u00a0\u00bbon|phone\u00a0\u00bb _builder_version=\u00a0\u00bb4.19.3&Prime; _module_preset=\u00a0\u00bbdefault\u00a0\u00bb custom_padding=\u00a0\u00bb88px||88px||true|false\u00a0\u00bb custom_padding_tablet=\u00a0\u00bb88px||88px||true|false\u00a0\u00bb custom_padding_phone=\u00a0\u00bb14px||14px||true|false\u00a0\u00bb scroll_fade_enable=\u00a0\u00bbon\u00a0\u00bb motion_trigger_start=\u00a0\u00bbtop\u00a0\u00bb global_colors_info=\u00a0\u00bb{}\u00a0\u00bb][et_pb_column type=\u00a0\u00bb4_4&Prime; _builder_version=\u00a0\u00bb4.19.3&Prime; _module_preset=\u00a0\u00bbdefault\u00a0\u00bb global_colors_info=\u00a0\u00bb{}\u00a0\u00bb][et_pb_image src=\u00a0\u00bbhttps:\/\/rexfabold.excite.cloud\/wp-content\/uploads\/2022\/12\/triangle-accent-white.png\u00a0\u00bb title_text=\u00a0\u00bbtriangle-accent-white\u00a0\u00bb align=\u00a0\u00bbcenter\u00a0\u00bb _builder_version=\u00a0\u00bb4.19.3&Prime; _module_preset=\u00a0\u00bbdefault\u00a0\u00bb custom_margin=\u00a0\u00bb||0px||false|false\u00a0\u00bb global_colors_info=\u00a0\u00bb{}\u00a0\u00bb][\/et_pb_image][et_pb_text _builder_version=\u00a0\u00bb4.27.4&Prime; _module_preset=\u00a0\u00bbdefault\u00a0\u00bb text_font=\u00a0\u00bb|700|||||||\u00a0\u00bb text_text_color=\u00a0\u00bb#ffffff\u00a0\u00bb text_font_size=\u00a0\u00bb22px\u00a0\u00bb header_font=\u00a0\u00bb|700|||||||\u00a0\u00bb header_text_align=\u00a0\u00bbcenter\u00a0\u00bb header_text_color=\u00a0\u00bb#FFFFFF\u00a0\u00bb header_font_size=\u00a0\u00bb38px\u00a0\u00bb header_line_height=\u00a0\u00bb1.2em\u00a0\u00bb header_5_text_align=\u00a0\u00bbcenter\u00a0\u00bb header_5_text_color=\u00a0\u00bb#FFFFFF\u00a0\u00bb header_5_font_size=\u00a0\u00bb20px\u00a0\u00bb header_5_line_height=\u00a0\u00bb1.3em\u00a0\u00bb text_orientation=\u00a0\u00bbcenter\u00a0\u00bb global_colors_info=\u00a0\u00bb{}\u00a0\u00bb]<\/p>\n<h1>Repr\u00e9sentant R\u00e9gional des Ventes<\/h1>\n<p>[\/et_pb_text][\/et_pb_column][\/et_pb_row][\/et_pb_section][et_pb_section fb_built=\u00a0\u00bb1&Prime; _builder_version=\u00a0\u00bb4.19.3&Prime; _module_preset=\u00a0\u00bbdefault\u00a0\u00bb use_background_color_gradient=\u00a0\u00bbon\u00a0\u00bb background_color_gradient_stops=\u00a0\u00bb#000000 0%|#5b5b5b 100%\u00a0\u00bb global_colors_info=\u00a0\u00bb{}\u00a0\u00bb][et_pb_row _builder_version=\u00a0\u00bb4.19.3&Prime; _module_preset=\u00a0\u00bbdefault\u00a0\u00bb max_width=\u00a0\u00bb913px\u00a0\u00bb max_width_tablet=\u00a0\u00bb913px\u00a0\u00bb max_width_phone=\u00a0\u00bb913px\u00a0\u00bb max_width_last_edited=\u00a0\u00bbon|phone\u00a0\u00bb scroll_fade_enable=\u00a0\u00bbon\u00a0\u00bb global_colors_info=\u00a0\u00bb{}\u00a0\u00bb][et_pb_column type=\u00a0\u00bb4_4&Prime; _builder_version=\u00a0\u00bb4.19.3&Prime; _module_preset=\u00a0\u00bbdefault\u00a0\u00bb global_colors_info=\u00a0\u00bb{}\u00a0\u00bb][et_pb_text _builder_version=\u00a0\u00bb4.27.4&Prime; _module_preset=\u00a0\u00bbdefault\u00a0\u00bb header_font=\u00a0\u00bb|700|||||||\u00a0\u00bb header_text_align=\u00a0\u00bbcenter\u00a0\u00bb header_text_color=\u00a0\u00bb#00b1f0&Prime; header_font_size=\u00a0\u00bb38px\u00a0\u00bb header_2_font=\u00a0\u00bb|700|||||||\u00a0\u00bb header_2_text_align=\u00a0\u00bbcenter\u00a0\u00bb header_2_text_color=\u00a0\u00bb#00b1f0&Prime; header_2_font_size=\u00a0\u00bb30px\u00a0\u00bb header_2_line_height=\u00a0\u00bb1.2em\u00a0\u00bb header_5_text_align=\u00a0\u00bbcenter\u00a0\u00bb header_5_text_color=\u00a0\u00bb#FFFFFF\u00a0\u00bb header_5_font_size=\u00a0\u00bb20px\u00a0\u00bb header_5_line_height=\u00a0\u00bb1.3em\u00a0\u00bb global_colors_info=\u00a0\u00bb{}\u00a0\u00bb]<\/p>\n<h2>\u00c0 PROPOS DE REXFAB<\/h2>\n<p>[\/et_pb_text][et_pb_text _builder_version=\u00a0\u00bb4.27.4&Prime; _module_preset=\u00a0\u00bbdefault\u00a0\u00bb text_text_color=\u00a0\u00bb#ffffff\u00a0\u00bb text_font_size=\u00a0\u00bb16px\u00a0\u00bb text_line_height=\u00a0\u00bb1.4em\u00a0\u00bb text_orientation=\u00a0\u00bbcenter\u00a0\u00bb max_width_tablet=\u00a0\u00bb\u00a0\u00bb max_width_phone=\u00a0\u00bb\u00a0\u00bb max_width_last_edited=\u00a0\u00bbon|desktop\u00a0\u00bb module_alignment=\u00a0\u00bbcenter\u00a0\u00bb global_colors_info=\u00a0\u00bb{}\u00a0\u00bb]<\/p>\n<p>Rexfab est une entreprise familiale priv\u00e9e qui se consacre \u00e0 fournir des solutions innovantes et automatis\u00e9es d&rsquo;\u00e9quipement de boulangerie. Avec un engagement profond envers le succ\u00e8s \u00e0 long terme, nous nous concentrons sur l&rsquo;\u00e9tablissement de relations solides et durables avec nos clients et sur la promotion de la croissance professionnelle de nos employ\u00e9s. Nous nous sp\u00e9cialisons dans les technologies de pointe con\u00e7ues pour am\u00e9liorer l&rsquo;efficacit\u00e9, l&rsquo;uniformit\u00e9 et le rendement des boulangeries produisant du pain tranch\u00e9, du pain artisanal, des petits pains et des p\u00e2tisseries sucr\u00e9es. Chez Rexfab, nous valorisons l&rsquo;inovation, la qualit\u00e9 et l\u2019engagement, en veillant \u00e0 ce que nos clients et nos employ\u00e9s s&rsquo;\u00e9panouissent.   <\/p>\n<p>[\/et_pb_text][\/et_pb_column][\/et_pb_row][\/et_pb_section][et_pb_section fb_built=\u00a0\u00bb1&Prime; _builder_version=\u00a0\u00bb4.19.4&Prime; _module_preset=\u00a0\u00bbdefault\u00a0\u00bb global_colors_info=\u00a0\u00bb{}\u00a0\u00bb][et_pb_row _builder_version=\u00a0\u00bb4.27.4&Prime; _module_preset=\u00a0\u00bbdefault\u00a0\u00bb custom_padding=\u00a0\u00bb||0px||false|false\u00a0\u00bb scroll_fade_enable=\u00a0\u00bbon\u00a0\u00bb global_colors_info=\u00a0\u00bb{}\u00a0\u00bb][et_pb_column type=\u00a0\u00bb4_4&Prime; _builder_version=\u00a0\u00bb4.19.4&Prime; _module_preset=\u00a0\u00bbdefault\u00a0\u00bb global_colors_info=\u00a0\u00bb{}\u00a0\u00bb][et_pb_text _builder_version=\u00a0\u00bb4.27.4&Prime; _module_preset=\u00a0\u00bbdefault\u00a0\u00bb header_2_text_color=\u00a0\u00bb#00b1f0&Prime; header_2_font_size=\u00a0\u00bb20px\u00a0\u00bb header_2_line_height=\u00a0\u00bb1.5em\u00a0\u00bb custom_margin=\u00a0\u00bb||0px|||\u00a0\u00bb global_colors_info=\u00a0\u00bb{}\u00a0\u00bb]<\/p>\n<h2><strong>Titre du poste<\/strong>: Repr\u00e9sentant R\u00e9gional des Ventes <br \/><strong>Emplacement<\/strong>: Sud-Est des \u00c9tats-Unis (\u00e0 distance)<\/h2>\n<p>[\/et_pb_text][et_pb_text _builder_version=\u00a0\u00bb4.27.4&Prime; _module_preset=\u00a0\u00bbdefault\u00a0\u00bb header_3_font=\u00a0\u00bb|700|||||||\u00a0\u00bb header_3_font_size=\u00a0\u00bb24px\u00a0\u00bb header_4_line_height=\u00a0\u00bb2em\u00a0\u00bb custom_padding=\u00a0\u00bb24px|0px|24px|0px|true|true\u00a0\u00bb custom_padding_tablet=\u00a0\u00bb24px|14px|24px|14px|true|true\u00a0\u00bb custom_padding_phone=\u00a0\u00bb24px|24px|24px|24px|true|true\u00a0\u00bb custom_padding_last_edited=\u00a0\u00bbon|desktop\u00a0\u00bb locked=\u00a0\u00bboff\u00a0\u00bb global_colors_info=\u00a0\u00bb{}\u00a0\u00bb]<\/p>\n<h3>Aper\u00e7u du poste<\/h3>\n<p>Rexfab est \u00e0 la recherche d&rsquo;un Repr\u00e9sentant R\u00e9gional des Ventes dynamique et ax\u00e9 sur les r\u00e9sultats pour se joindre \u00e0 notre \u00e9quipe et \u00e9tendre sa pr\u00e9sence dans le sud-est des \u00c9tats-Unis. Cette personne sera responsable de d\u00e9velopper et de g\u00e9rer les relations avec les clients, de stimuler les ventes et de promouvoir nos \u00e9quipements de boulangerie automatis\u00e9s aupr\u00e8s des fabricants du secteur de la boulangerie. Le candidat id\u00e9al aura un minimum de cinq ans d&rsquo;exp\u00e9rience dans la vente au sein de l&rsquo;industrie de la boulangerie, avec une feuille de route \u00e9prouv\u00e9e dans la vente de biens d&rsquo;\u00e9quipement, en particulier \u00e0 Flowers Foods et \u00e0 d&rsquo;autres grands fabricants de boulangeries de la r\u00e9gion.  <\/p>\n<p>[\/et_pb_text][\/et_pb_column][\/et_pb_row][\/et_pb_section][et_pb_section fb_built=\u00a0\u00bb1&Prime; _builder_version=\u00a0\u00bb4.19.4&Prime; _module_preset=\u00a0\u00bbdefault\u00a0\u00bb background_color=\u00a0\u00bb#eeece5&Prime; custom_padding=\u00a0\u00bb0px||0px||false|false\u00a0\u00bb global_colors_info=\u00a0\u00bb{}\u00a0\u00bb][et_pb_row column_structure=\u00a0\u00bb1_2,1_2&Prime; _builder_version=\u00a0\u00bb4.19.4&Prime; _module_preset=\u00a0\u00bbdefault\u00a0\u00bb global_colors_info=\u00a0\u00bb{}\u00a0\u00bb][et_pb_column type=\u00a0\u00bb1_2&Prime; _builder_version=\u00a0\u00bb4.19.4&Prime; _module_preset=\u00a0\u00bbdefault\u00a0\u00bb global_colors_info=\u00a0\u00bb{}\u00a0\u00bb][et_pb_text _builder_version=\u00a0\u00bb4.27.4&Prime; _module_preset=\u00a0\u00bbdefault\u00a0\u00bb header_3_font=\u00a0\u00bb|700|||||||\u00a0\u00bb header_3_font_size=\u00a0\u00bb24px\u00a0\u00bb header_4_line_height=\u00a0\u00bb2em\u00a0\u00bb custom_padding=\u00a0\u00bb24px|14px|24px|14px|true|true\u00a0\u00bb custom_padding_tablet=\u00a0\u00bb24px|14px|24px|14px|true|true\u00a0\u00bb custom_padding_phone=\u00a0\u00bb24px|24px|24px|24px|true|true\u00a0\u00bb custom_padding_last_edited=\u00a0\u00bbon|desktop\u00a0\u00bb locked=\u00a0\u00bboff\u00a0\u00bb global_colors_info=\u00a0\u00bb{}\u00a0\u00bb]<\/p>\n<h3>Principales responsabilit\u00e9s<\/h3>\n<p><strong>Ventes et d\u00e9veloppement des affaires<\/strong><\/p>\n<ul>\n<li>\n<p><span>Prospectez, qualifiez et s\u00e9curisez de nouvelles occasions d&rsquo;affaires dans le secteur de la boulangerie du sud-est des \u00c9tats-Unis, en mettant l&rsquo;accent sur des acteurs cl\u00e9s comme Flowers Foods.<\/span><\/p>\n<\/li>\n<li>\n<p><span><\/span><span>G\u00e9rer et entretenir les comptes existants, en assurant la satisfaction de la client\u00e8le et la fid\u00e9lisation des affaires.<\/span><\/p>\n<\/li>\n<li>\n<p><span><\/span><span>\u00c9laborer et ex\u00e9cuter des strat\u00e9gies de vente pour atteindre ou d\u00e9passer les objectifs de revenus et de croissance dans la r\u00e9gion.<\/span><\/p>\n<\/li>\n<li>\n<p><span><\/span>Effectuer des pr\u00e9sentations et des d\u00e9monstrations de produits aux principaux d\u00e9cideurs et aux \u00e9quipes techniques sur les sites des clients.<\/p>\n<\/li>\n<\/ul>\n<p><strong><span>\u00c9tablissement de relations<\/span><\/strong><\/p>\n<ul>\n<li>\n<p><span>Tirer parti des relations existantes avec les principales parties prenantes de Flowers Foods et d&rsquo;autres fabricants de boulangeries de la r\u00e9gion pour stimuler les ventes.<\/span><\/p>\n<\/li>\n<li>\n<p><span><\/span><span>Agir en tant que conseiller de confiance pour les clients, en offrant des solutions sur mesure pour r\u00e9pondre \u00e0 leurs besoins op\u00e9rationnels.<\/span><\/p>\n<\/li>\n<\/ul>\n<p><span><strong>Renseignements sur les march\u00e9s et rapports<\/strong><\/span><\/p>\n<ul>\n<li>\n<p><span>Restez inform\u00e9 des tendances de l&rsquo;industrie, des produits concurrentiels et des conditions du march\u00e9 pour positionner efficacement les produits de Rexfab.<\/span><\/p>\n<\/li>\n<li>\n<p><span><\/span><span>Fournir r\u00e9guli\u00e8rement des pr\u00e9visions de ventes, des mises \u00e0 jour du pipeline et des rapports de rendement \u00e0 l&rsquo;\u00e9quipe de direction.<\/span><\/p>\n<\/li>\n<\/ul>\n<p><span><strong>Expertise technique<\/strong><\/span><\/p>\n<ul>\n<li>\n<p><span>Fournir des informations techniques et des connaissances sur les produits pour aider les clients \u00e0 \u00e9valuer l&rsquo;\u00e9quipement Rexfab.<\/span><\/p>\n<\/li>\n<li>\n<p><span><\/span><span>Collaborer avec les \u00e9quipes d&rsquo;ing\u00e9nierie et de soutien \u00e0 la client\u00e8le pour assurer des installations r\u00e9ussies et un soutien continu.<\/span><\/p>\n<\/li>\n<\/ul>\n<p>[\/et_pb_text][\/et_pb_column][et_pb_column type=\u00a0\u00bb1_2&Prime; _builder_version=\u00a0\u00bb4.19.4&Prime; _module_preset=\u00a0\u00bbdefault\u00a0\u00bb global_colors_info=\u00a0\u00bb{}\u00a0\u00bb][et_pb_text _builder_version=\u00a0\u00bb4.27.4&Prime; _module_preset=\u00a0\u00bbdefault\u00a0\u00bb header_3_font=\u00a0\u00bb|700|||||||\u00a0\u00bb header_3_font_size=\u00a0\u00bb24px\u00a0\u00bb header_4_line_height=\u00a0\u00bb2em\u00a0\u00bb custom_padding=\u00a0\u00bb24px|14px|24px|14px|true|true\u00a0\u00bb custom_padding_tablet=\u00a0\u00bb24px|14px|24px|14px|true|true\u00a0\u00bb custom_padding_phone=\u00a0\u00bb24px|24px|24px|24px|true|true\u00a0\u00bb custom_padding_last_edited=\u00a0\u00bbon|desktop\u00a0\u00bb locked=\u00a0\u00bboff\u00a0\u00bb global_colors_info=\u00a0\u00bb{}\u00a0\u00bb]<\/p>\n<h3>Qualifications requises<\/h3>\n<p><strong>Exp\u00e9rience<\/strong><\/p>\n<ul>\n<li>\n<p><span>Un minimum de 5 ans d&rsquo;exp\u00e9rience en vente dans l&rsquo;industrie de l&rsquo;\u00e9quipement de boulangerie, avec un accent sur les fabricants de pain tranch\u00e9, de pain artisanal, de petits pains et de p\u00e2tisseries.<\/span><\/p>\n<\/li>\n<li>\n<p><span><\/span><span>Des ant\u00e9c\u00e9dents av\u00e9r\u00e9s de succ\u00e8s en mati\u00e8re de ventes, y compris l&rsquo;atteinte ou le d\u00e9passement des objectifs de vente.<\/span><\/p>\n<\/li>\n<li>\n<p><span><\/span><span>\u00c9tablir des relations avec Flowers Foods ou de grands fabricants de boulangerie similaires dans la r\u00e9gion.<\/span><\/p>\n<\/li>\n<li>\n<p><span><\/span><span>Exp\u00e9rience de travail avec des biens d&rsquo;\u00e9quipement dans un environnement de vente technique est un plus.<\/span><\/p>\n<\/li>\n<\/ul>\n<p><span><strong>Comp\u00e9tences recherch\u00e9es<\/strong><\/span><\/p>\n<ul>\n<li>\n<p><span>Solides comp\u00e9tences en communication et en pr\u00e9sentation, avec la capacit\u00e9 de mobiliser les parties prenantes techniques et commerciales.<\/span><\/p>\n<\/li>\n<li>\n<p><span><\/span><span>Motiv\u00e9 et d\u00e9termin\u00e9 \u00e0 atteindre des r\u00e9sultats.<\/span><\/p>\n<\/li>\n<li>\n<p><span><\/span><span>Excellentes comp\u00e9tences en n\u00e9gociation et capacit\u00e9 \u00e0 conclure des ventes.<\/span><\/p>\n<\/li>\n<li>\n<p><span><\/span>Capacit\u00e9 de voyager beaucoup dans le sud-est des \u00c9tats-Unis au besoin (jusqu&rsquo;\u00e0 50%).<\/p>\n<\/li>\n<\/ul>\n<p><strong>Formation<\/strong><\/p>\n<ul>\n<li>\n<p><span>Un baccalaur\u00e9at en commerce, en g\u00e9nie ou dans un domaine connexe est pr\u00e9f\u00e9rable, mais pas obligatoire.<\/span><\/p>\n<\/li>\n<\/ul>\n<p>[\/et_pb_text][\/et_pb_column][\/et_pb_row][\/et_pb_section][et_pb_section fb_built=\u00a0\u00bb1&Prime; _builder_version=\u00a0\u00bb4.19.4&Prime; _module_preset=\u00a0\u00bbdefault\u00a0\u00bb custom_padding=\u00a0\u00bb0px||0px||false|false\u00a0\u00bb global_colors_info=\u00a0\u00bb{}\u00a0\u00bb][et_pb_row use_custom_gutter=\u00a0\u00bbon\u00a0\u00bb gutter_width=\u00a0\u00bb2&Prime; _builder_version=\u00a0\u00bb4.19.4&Prime; _module_preset=\u00a0\u00bbdefault\u00a0\u00bb global_colors_info=\u00a0\u00bb{}\u00a0\u00bb][et_pb_column type=\u00a0\u00bb4_4&Prime; _builder_version=\u00a0\u00bb4.19.4&Prime; _module_preset=\u00a0\u00bbdefault\u00a0\u00bb global_colors_info=\u00a0\u00bb{}\u00a0\u00bb][et_pb_text _builder_version=\u00a0\u00bb4.19.4&Prime; _module_preset=\u00a0\u00bbdefault\u00a0\u00bb header_3_font=\u00a0\u00bb|700|||||||\u00a0\u00bb header_3_font_size=\u00a0\u00bb24px\u00a0\u00bb header_3_line_height=\u00a0\u00bb1.4em\u00a0\u00bb header_4_line_height=\u00a0\u00bb2em\u00a0\u00bb custom_padding=\u00a0\u00bb24px|14px|24px|14px|true|true\u00a0\u00bb custom_padding_tablet=\u00a0\u00bb24px|14px|24px|14px|true|true\u00a0\u00bb custom_padding_phone=\u00a0\u00bb24px|24px|24px|24px|true|true\u00a0\u00bb custom_padding_last_edited=\u00a0\u00bbon|desktop\u00a0\u00bb global_colors_info=\u00a0\u00bb{}\u00a0\u00bb]<\/p>\n<h3>Pourquoi Rexfab?<\/h3>\n<ul>\n<li><strong><span>Entreprise familiale et priv\u00e9e:<\/span><\/strong><span> Faites partie d&rsquo;une entreprise qui valorise le succ\u00e8s \u00e0 long terme et le d\u00e9veloppement de ses employ\u00e9s. En tant qu&rsquo;entreprise familiale priv\u00e9e, Rexfab offre un environnement favorable o\u00f9 chaque membre de l&rsquo;\u00e9quipe peut contribuer \u00e0 fa\u00e7onner l&rsquo;avenir de l&rsquo;entreprise. <\/span><\/li>\n<li><strong><span>Croissance et d\u00e9veloppement de carri\u00e8re :<\/span><\/strong><span> Chez Rexfab, nous donnons la priorit\u00e9 au d\u00e9veloppement des employ\u00e9s et offrons des opportunit\u00e9s de croissance personnelle et professionnelle.<\/span><\/li>\n<li><strong><span>R\u00e9mun\u00e9ration concurrentielle:<\/span><\/strong><span> Salaire comp\u00e9titif avec une structure de commissions et des incitatifs bas\u00e9s sur le rendement.<\/span><\/li>\n<li><strong><span>Avantages sociaux complets :<\/span><\/strong><span> : Assurance maladie, r\u00e9gimes de retraite et plus encore.<\/span><\/li>\n<li><strong><span>\u00c9quilibre travail-vie personnelle :<\/span><\/strong><span> : Flexibilit\u00e9 et un environnement de travail positif qui priorise le bien-\u00eatre des employ\u00e9s.<\/span><\/li>\n<\/ul>\n<p>&nbsp;<\/p>\n<p><strong> Envoyez-nous votre candidature. Nous l&rsquo;analyserons rapidement et communiquerons avec vous si vous correspondez au profil recherch\u00e9. Consultez notre section carri\u00e8re sur notre site Internet pour plus de d\u00e9tails et pour conna\u00eetre nos diff\u00e9rentes opportunit\u00e9s.<\/strong><\/p>\n<p><strong>Nous avons h\u00e2te de vous rencontrer !<\/strong><\/p>\n<p>[\/et_pb_text][\/et_pb_column][\/et_pb_row][\/et_pb_section][et_pb_section fb_built=\u00a0\u00bb1&Prime; _builder_version=\u00a0\u00bb4.19.3&Prime; _module_preset=\u00a0\u00bbdefault\u00a0\u00bb background_color=\u00a0\u00bb#00a8e1&Prime; custom_padding=\u00a0\u00bb0px||0px||false|false\u00a0\u00bb locked=\u00a0\u00bboff\u00a0\u00bb global_colors_info=\u00a0\u00bb{}\u00a0\u00bb][et_pb_row _builder_version=\u00a0\u00bb4.19.3&Prime; _module_preset=\u00a0\u00bbdefault\u00a0\u00bb scroll_fade_enable=\u00a0\u00bbon\u00a0\u00bb global_colors_info=\u00a0\u00bb{}\u00a0\u00bb][et_pb_column type=\u00a0\u00bb4_4&Prime; _builder_version=\u00a0\u00bb4.19.3&Prime; _module_preset=\u00a0\u00bbdefault\u00a0\u00bb global_colors_info=\u00a0\u00bb{}\u00a0\u00bb][et_pb_text _builder_version=\u00a0\u00bb4.19.4&Prime; _module_preset=\u00a0\u00bbdefault\u00a0\u00bb header_font=\u00a0\u00bb|700|||||||\u00a0\u00bb header_text_align=\u00a0\u00bbcenter\u00a0\u00bb header_text_color=\u00a0\u00bb#00b1f0&Prime; header_font_size=\u00a0\u00bb38px\u00a0\u00bb header_2_font=\u00a0\u00bb|700|||||||\u00a0\u00bb header_2_text_align=\u00a0\u00bbcenter\u00a0\u00bb header_2_text_color=\u00a0\u00bb#ffffff\u00a0\u00bb header_2_font_size=\u00a0\u00bb30px\u00a0\u00bb header_5_text_align=\u00a0\u00bbcenter\u00a0\u00bb header_5_text_color=\u00a0\u00bb#FFFFFF\u00a0\u00bb header_5_font_size=\u00a0\u00bb20px\u00a0\u00bb header_5_line_height=\u00a0\u00bb1.3em\u00a0\u00bb max_width=\u00a0\u00bb70%\u00a0\u00bb max_width_tablet=\u00a0\u00bb100%\u00a0\u00bb max_width_phone=\u00a0\u00bb100%\u00a0\u00bb max_width_last_edited=\u00a0\u00bbon|phone\u00a0\u00bb module_alignment=\u00a0\u00bbcenter\u00a0\u00bb custom_margin=\u00a0\u00bb||0px||false|false\u00a0\u00bb custom_padding=\u00a0\u00bb||0px||false|false\u00a0\u00bb global_colors_info=\u00a0\u00bb{}\u00a0\u00bb]<\/p>\n<h2>Si vous pensez que votre profil correspond \u00e0 ce poste, veuillez remplir les informations et envoyez-nous votre CV, nous aimerions avoir de vos nouvelles.<\/h2>\n<p>[\/et_pb_text][et_pb_code _builder_version=\u00a0\u00bb4.27.4&Prime; _module_preset=\u00a0\u00bbdefault\u00a0\u00bb text_orientation=\u00a0\u00bbcenter\u00a0\u00bb hover_enabled=\u00a0\u00bb0&Prime; global_colors_info=\u00a0\u00bb{}\u00a0\u00bb sticky_enabled=\u00a0\u00bb0&Prime;]<\/p>\n<div id=\"zf_div_8QhJzztPLV3mRJSYQe2EsJj8F5dJmCoK39y1u7m5IX0\"><\/div>\n<p><script type=\"text\/javascript\">(function() {<!-- [et_pb_line_break_holder] -->try{<!-- [et_pb_line_break_holder] -->var f = document.createElement(\"iframe\");<!-- [et_pb_line_break_holder] -->f.src = 'https:\/\/forms.zohopublic.com\/rexfab1\/form\/ContactFormCarriresReprsentantdesVentesFR\/formperma\/8QhJzztPLV3mRJSYQe2EsJj8F5dJmCoK39y1u7m5IX0?zf_rszfm=1';<!-- [et_pb_line_break_holder] -->f.style.border=\"none\";<!-- [et_pb_line_break_holder] -->f.style.height=\"719px\";<!-- [et_pb_line_break_holder] -->f.style.width=\"90%\";<!-- [et_pb_line_break_holder] -->f.style.transition=\"all 0.5s ease\";<!-- [et_pb_line_break_holder] -->f.setAttribute(\"aria-label\", 'Contact\\x20Form\\x20Carri\\xE8res\\x20\\x2D\\x20\\x20Repr\\xE9sentant\\x20des\\x20Ventes\\x20FR');<!-- [et_pb_line_break_holder] --><!-- [et_pb_line_break_holder] -->var d = document.getElementById(\"zf_div_8QhJzztPLV3mRJSYQe2EsJj8F5dJmCoK39y1u7m5IX0\");<!-- [et_pb_line_break_holder] -->d.appendChild(f);<!-- [et_pb_line_break_holder] -->window.addEventListener('message', function (){<!-- [et_pb_line_break_holder] -->var evntData = event.data;<!-- [et_pb_line_break_holder] -->if( evntData && evntData.constructor == String ){<!-- [et_pb_line_break_holder] -->var zf_ifrm_data = evntData.split(\"|\");<!-- [et_pb_line_break_holder] -->if ( zf_ifrm_data.length == 2 || zf_ifrm_data.length == 3 ) {<!-- [et_pb_line_break_holder] -->var zf_perma = zf_ifrm_data[0];<!-- [et_pb_line_break_holder] -->var zf_ifrm_ht_nw = ( parseInt(zf_ifrm_data[1], 10) + 15 ) + \"px\";<!-- [et_pb_line_break_holder] -->var iframe = document.getElementById(\"zf_div_8QhJzztPLV3mRJSYQe2EsJj8F5dJmCoK39y1u7m5IX0\").getElementsByTagName(\"iframe\")[0];<!-- [et_pb_line_break_holder] -->if ( (iframe.src).indexOf('formperma') > 0 && (iframe.src).indexOf(zf_perma) > 0 ) {<!-- [et_pb_line_break_holder] -->var prevIframeHeight = iframe.style.height;<!-- [et_pb_line_break_holder] -->var zf_tout = false;<!-- [et_pb_line_break_holder] -->if( zf_ifrm_data.length == 3 ) {<!-- [et_pb_line_break_holder] -->iframe.scrollIntoView();<!-- [et_pb_line_break_holder] -->zf_tout = true;<!-- [et_pb_line_break_holder] -->}<!-- [et_pb_line_break_holder] -->if ( prevIframeHeight != zf_ifrm_ht_nw ) {<!-- [et_pb_line_break_holder] -->if( zf_tout ) {<!-- [et_pb_line_break_holder] -->setTimeout(function(){<!-- [et_pb_line_break_holder] -->iframe.style.height = zf_ifrm_ht_nw;<!-- [et_pb_line_break_holder] -->},500);<!-- [et_pb_line_break_holder] -->} else {<!-- [et_pb_line_break_holder] -->iframe.style.height = zf_ifrm_ht_nw;<!-- [et_pb_line_break_holder] -->}<!-- [et_pb_line_break_holder] -->}<!-- [et_pb_line_break_holder] -->}<!-- [et_pb_line_break_holder] -->}<!-- [et_pb_line_break_holder] -->}<!-- [et_pb_line_break_holder] -->}, false);<!-- [et_pb_line_break_holder] -->}catch(e){}<!-- [et_pb_line_break_holder] -->})();<\/script>[\/et_pb_code][\/et_pb_column][\/et_pb_row][\/et_pb_section]<\/p>\n","protected":false},"excerpt":{"rendered":"<p>Repr\u00e9sentant R\u00e9gional des Ventes\u00c0 PROPOS DE REXFABRexfab est une entreprise familiale priv\u00e9e qui se consacre \u00e0 fournir des solutions innovantes et automatis\u00e9es d&rsquo;\u00e9quipement de boulangerie. Avec un engagement profond envers le succ\u00e8s \u00e0 long terme, nous nous concentrons sur l&rsquo;\u00e9tablissement de relations solides et durables avec nos clients et sur la promotion de la croissance [&hellip;]<\/p>\n","protected":false},"author":1,"featured_media":0,"parent":0,"menu_order":0,"comment_status":"closed","ping_status":"closed","template":"","meta":{"_et_pb_use_builder":"on","_et_pb_old_content":"","_et_gb_content_width":"","footnotes":""},"class_list":["post-3761","page","type-page","status-publish","hentry"],"_links":{"self":[{"href":"https:\/\/rexfabold.excite.cloud\/fr-ca\/wp-json\/wp\/v2\/pages\/3761","targetHints":{"allow":["GET"]}}],"collection":[{"href":"https:\/\/rexfabold.excite.cloud\/fr-ca\/wp-json\/wp\/v2\/pages"}],"about":[{"href":"https:\/\/rexfabold.excite.cloud\/fr-ca\/wp-json\/wp\/v2\/types\/page"}],"author":[{"embeddable":true,"href":"https:\/\/rexfabold.excite.cloud\/fr-ca\/wp-json\/wp\/v2\/users\/1"}],"replies":[{"embeddable":true,"href":"https:\/\/rexfabold.excite.cloud\/fr-ca\/wp-json\/wp\/v2\/comments?post=3761"}],"version-history":[{"count":3,"href":"https:\/\/rexfabold.excite.cloud\/fr-ca\/wp-json\/wp\/v2\/pages\/3761\/revisions"}],"predecessor-version":[{"id":3769,"href":"https:\/\/rexfabold.excite.cloud\/fr-ca\/wp-json\/wp\/v2\/pages\/3761\/revisions\/3769"}],"wp:attachment":[{"href":"https:\/\/rexfabold.excite.cloud\/fr-ca\/wp-json\/wp\/v2\/media?parent=3761"}],"curies":[{"name":"wp","href":"https:\/\/api.w.org\/{rel}","templated":true}]}}