{"id":3098,"date":"2023-05-09T18:47:56","date_gmt":"2023-05-09T18:47:56","guid":{"rendered":"https:\/\/rexfabold.excite.cloud\/politique-de-confidentialite\/"},"modified":"2024-03-06T02:26:25","modified_gmt":"2024-03-06T02:26:25","slug":"politique-de-confidentialite","status":"publish","type":"page","link":"https:\/\/rexfabold.excite.cloud\/fr-ca\/politique-de-confidentialite\/","title":{"rendered":"Politique de Confidentialit\u00e9"},"content":{"rendered":"<p>[et_pb_section fb_built=\u00a0\u00bb1&Prime; _builder_version=\u00a0\u00bb4.19.4&Prime; _module_preset=\u00a0\u00bbdefault\u00a0\u00bb background_image=\u00a0\u00bbhttps:\/\/rexfabold.excite.cloud\/wp-content\/uploads\/2022\/12\/header-blank.jpg\u00a0\u00bb global_colors_info=\u00a0\u00bb{}\u00a0\u00bb][et_pb_row custom_padding_last_edited=\u00a0\u00bbon|phone\u00a0\u00bb _builder_version=\u00a0\u00bb4.19.3&Prime; _module_preset=\u00a0\u00bbdefault\u00a0\u00bb custom_padding=\u00a0\u00bb88px||88px||true|false\u00a0\u00bb custom_padding_tablet=\u00a0\u00bb88px||88px||true|false\u00a0\u00bb custom_padding_phone=\u00a0\u00bb14px||14px||true|false\u00a0\u00bb scroll_fade_enable=\u00a0\u00bbon\u00a0\u00bb motion_trigger_start=\u00a0\u00bbtop\u00a0\u00bb global_colors_info=\u00a0\u00bb{}\u00a0\u00bb][et_pb_column type=\u00a0\u00bb4_4&Prime; _builder_version=\u00a0\u00bb4.19.3&Prime; _module_preset=\u00a0\u00bbdefault\u00a0\u00bb global_colors_info=\u00a0\u00bb{}\u00a0\u00bb][et_pb_image src=\u00a0\u00bbhttps:\/\/rexfabold.excite.cloud\/wp-content\/uploads\/2022\/12\/triangle-accent-white.png\u00a0\u00bb title_text=\u00a0\u00bbtriangle-accent-white\u00a0\u00bb align=\u00a0\u00bbcenter\u00a0\u00bb _builder_version=\u00a0\u00bb4.19.3&Prime; _module_preset=\u00a0\u00bbdefault\u00a0\u00bb custom_margin=\u00a0\u00bb||0px||false|false\u00a0\u00bb global_colors_info=\u00a0\u00bb{}\u00a0\u00bb][\/et_pb_image][et_pb_text _builder_version=\u00a0\u00bb4.20.4&Prime; _module_preset=\u00a0\u00bbdefault\u00a0\u00bb text_font=\u00a0\u00bb|700|||||||\u00a0\u00bb text_text_color=\u00a0\u00bb#ffffff\u00a0\u00bb text_font_size=\u00a0\u00bb22px\u00a0\u00bb header_font=\u00a0\u00bb|700|||||||\u00a0\u00bb header_text_align=\u00a0\u00bbcenter\u00a0\u00bb header_text_color=\u00a0\u00bb#FFFFFF\u00a0\u00bb header_font_size=\u00a0\u00bb38px\u00a0\u00bb header_line_height=\u00a0\u00bb1.2em\u00a0\u00bb header_5_text_align=\u00a0\u00bbcenter\u00a0\u00bb header_5_text_color=\u00a0\u00bb#FFFFFF\u00a0\u00bb header_5_font_size=\u00a0\u00bb20px\u00a0\u00bb header_5_line_height=\u00a0\u00bb1.3em\u00a0\u00bb text_orientation=\u00a0\u00bbcenter\u00a0\u00bb global_colors_info=\u00a0\u00bb{}\u00a0\u00bb]<\/p>\n<h1>POLITIQUE DE CONFIDENTIALIT\u00c9<\/h1>\n<p>[\/et_pb_text][\/et_pb_column][\/et_pb_row][\/et_pb_section][et_pb_section fb_built=\u00a0\u00bb1&Prime; _builder_version=\u00a0\u00bb4.19.3&Prime; _module_preset=\u00a0\u00bbdefault\u00a0\u00bb use_background_color_gradient=\u00a0\u00bbon\u00a0\u00bb background_color_gradient_stops=\u00a0\u00bb#000000 0%|#5b5b5b 100%\u00a0\u00bb global_colors_info=\u00a0\u00bb{}\u00a0\u00bb][et_pb_row _builder_version=\u00a0\u00bb4.20.4&Prime; _module_preset=\u00a0\u00bbdefault\u00a0\u00bb max_width=\u00a0\u00bb913px\u00a0\u00bb max_width_tablet=\u00a0\u00bb913px\u00a0\u00bb max_width_phone=\u00a0\u00bb913px\u00a0\u00bb max_width_last_edited=\u00a0\u00bbon|phone\u00a0\u00bb scroll_fade=\u00a0\u00bb0|50|50|50|0|100|100&Prime; global_colors_info=\u00a0\u00bb{}\u00a0\u00bb][et_pb_column type=\u00a0\u00bb4_4&Prime; _builder_version=\u00a0\u00bb4.19.3&Prime; _module_preset=\u00a0\u00bbdefault\u00a0\u00bb global_colors_info=\u00a0\u00bb{}\u00a0\u00bb][et_pb_text _builder_version=\u00a0\u00bb4.20.4&Prime; _module_preset=\u00a0\u00bbdefault\u00a0\u00bb text_text_color=\u00a0\u00bb#ffffff\u00a0\u00bb text_font_size=\u00a0\u00bb16px\u00a0\u00bb text_line_height=\u00a0\u00bb1.4em\u00a0\u00bb text_orientation=\u00a0\u00bbjustified\u00a0\u00bb max_width_tablet=\u00a0\u00bb\u00a0\u00bb max_width_phone=\u00a0\u00bb\u00a0\u00bb max_width_last_edited=\u00a0\u00bbon|desktop\u00a0\u00bb module_alignment=\u00a0\u00bbcenter\u00a0\u00bb global_colors_info=\u00a0\u00bb{}\u00a0\u00bb]<\/p>\n<p>Derni\u00e8re mise \u00e0 jour : 25 avril 2023<\/p>\n<p>Rexfab exploite le site web https:\/\/rexfabold.excite.cloud (le \u00ab Site \u00bb). Cette page vous informe de nos politiques concernant la collecte, l&rsquo;utilisation et la divulgation des informations personnelles que nous recevons des utilisateurs du Site.<\/p>\n<p>Nous utilisons vos informations personnelles uniquement pour fournir et am\u00e9liorer le Site. En utilisant le Site, vous acceptez la collecte et l&rsquo;utilisation d&rsquo;informations conform\u00e9ment \u00e0 cette politique.<\/p>\n<p>&nbsp;<\/p>\n<p><strong>Collecte et utilisation des informations<\/strong><\/p>\n<p>Lors de l&rsquo;utilisation de notre Site, nous pouvons vous demander de nous fournir certaines informations personnellement identifiables qui peuvent \u00eatre utilis\u00e9es pour vous contacter ou vous identifier. Les informations personnellement identifiables peuvent inclure, mais sans s&rsquo;y limiter, votre nom, adresse e-mail, adresse postale, num\u00e9ro de t\u00e9l\u00e9phone et d&rsquo;autres informations (\u00ab Informations Personnelles \u00bb).<\/p>\n<p><strong><\/strong><\/p>\n<p><strong>Donn\u00e9es de journalisation<\/strong><\/p>\n<p>Comme de nombreux exploitants de sites, nous collectons des informations que votre navigateur envoie chaque fois que vous visitez notre Site (\u00ab Donn\u00e9es de journalisation \u00bb). Ces donn\u00e9es de journalisation peuvent inclure des informations telles que l&rsquo;adresse IP de votre ordinateur, le type de navigateur, la version du navigateur, les pages de notre Site que vous visitez, l&rsquo;heure et la date de votre visite, le temps pass\u00e9 sur ces pages et d&rsquo;autres statistiques.<\/p>\n<p><strong><\/strong><\/p>\n<p><strong>Cookies<\/strong><\/p>\n<p>Les cookies sont des fichiers contenant une petite quantit\u00e9 de donn\u00e9es, qui peuvent inclure un identifiant unique anonyme. Les cookies sont envoy\u00e9s \u00e0 votre navigateur depuis un site web et stock\u00e9s sur le disque dur de votre ordinateur.<\/p>\n<p>Comme de nombreux sites, nous utilisons des \u00ab cookies \u00bb pour collecter des informations. Vous pouvez instruire votre navigateur \u00e0 refuser tous les cookies ou \u00e0 indiquer quand un cookie est envoy\u00e9. Cependant, si vous n&rsquo;acceptez pas les cookies, vous ne pourrez peut-\u00eatre pas utiliser certaines parties de notre Site.<\/p>\n<p><strong><\/strong><\/p>\n<p><strong>S\u00e9curit\u00e9<\/strong><\/p>\n<p>La s\u00e9curit\u00e9 de vos Informations Personnelles est importante pour nous, mais souvenez-vous qu&rsquo;aucune m\u00e9thode de transmission sur Internet, ou m\u00e9thode de stockage \u00e9lectronique, n&rsquo;est s\u00e9curis\u00e9e \u00e0 100 %. Alors que nous nous effor\u00e7ons d&rsquo;utiliser des moyens commercialement acceptables pour prot\u00e9ger vos Informations Personnelles, nous ne pouvons pas garantir leur s\u00e9curit\u00e9 absolue.<\/p>\n<p><strong><\/strong><\/p>\n<p><strong>Liens vers d&rsquo;autres sites<\/strong><\/p>\n<p>Notre Site peut contenir des liens vers d&rsquo;autres sites qui ne sont pas exploit\u00e9s par nous. Si vous cliquez sur un lien tiers, vous serez dirig\u00e9 vers le site de ce tiers. Nous vous conseillons fortement de consulter la Politique de Confidentialit\u00e9 de chaque site que vous visitez.<\/p>\n<p>Nous n&rsquo;avons aucun contr\u00f4le sur, et n&rsquo;assumons aucune responsabilit\u00e9 pour le contenu, les politiques de confidentialit\u00e9 ou les pratiques des sites ou services de tiers.<\/p>\n<p><strong><\/strong><\/p>\n<p><strong>Changements \u00e0 cette Politique de Confidentialit\u00e9<\/strong><\/p>\n<p>Cette Politique de Confidentialit\u00e9 est effective \u00e0 compter de la date indiqu\u00e9e en haut de cette page et restera en vigueur \u00e0 l&rsquo;exception de tout changement dans ses dispositions \u00e0 l&rsquo;avenir, qui sera en vigueur imm\u00e9diatement apr\u00e8s avoir \u00e9t\u00e9 publi\u00e9 sur cette page.<\/p>\n<p>Nous nous r\u00e9servons le droit de mettre \u00e0 jour ou de modifier notre Politique de Confidentialit\u00e9 \u00e0 tout moment, et vous devriez v\u00e9rifier cette Politique de Confidentialit\u00e9 p\u00e9riodiquement. Votre utilisation continue du Site apr\u00e8s la publication de modifications de la Politique de Confidentialit\u00e9 sur cette page constituera votre reconnaissance des modifications et votre consentement \u00e0 respecter et \u00e0 \u00eatre li\u00e9 par la Politique de Confidentialit\u00e9 modifi\u00e9e.<\/p>\n<p>Si nous apportons des modifications mat\u00e9rielles \u00e0 cette Politique de Confidentialit\u00e9, nous vous en informerons soit via l&rsquo;adresse e-mail que vous nous avez fournie, soit en pla\u00e7ant un avis bien visible sur notre site web.<\/p>\n<p><strong><\/strong><\/p>\n<p><strong>Contactez Nous<\/strong><br \/>Si vous avez des questions sur cette Politique de Confidentialit\u00e9, veuillez nous contacter \u00e0 :<\/p>\n<p>Rexfab<br \/>4845 Robert-Boyd<br \/>Sherbrooke, Qu\u00e9bec J1R 0W8<br \/>Canada<br \/>Email: info@rexfab.com<br \/>T\u00e9l\u00e9phone : +1-123-456-7890<\/p>\n<p>En utilisant notre Site, vous reconnaissez avoir lu et compris cette Politique de Confidentialit\u00e9 et acceptez d&rsquo;\u00eatre li\u00e9 par ses termes.<\/p>\n<p>[\/et_pb_text][\/et_pb_column][\/et_pb_row][\/et_pb_section]<\/p>\n","protected":false},"excerpt":{"rendered":"<p>POLITIQUE DE CONFIDENTIALIT\u00c9Derni\u00e8re mise \u00e0 jour : 25 avril 2023 Rexfab exploite le site web https:\/\/rexfabold.excite.cloud (le \u00ab Site \u00bb). Cette page vous informe de nos politiques concernant la collecte, l&rsquo;utilisation et la divulgation des informations personnelles que nous recevons des utilisateurs du Site. Nous utilisons vos informations personnelles uniquement pour fournir et am\u00e9liorer le [&hellip;]<\/p>\n","protected":false},"author":1,"featured_media":0,"parent":0,"menu_order":0,"comment_status":"closed","ping_status":"closed","template":"","meta":{"_et_pb_use_builder":"on","_et_pb_old_content":"","_et_gb_content_width":"","footnotes":""},"class_list":["post-3098","page","type-page","status-publish","hentry"],"_links":{"self":[{"href":"https:\/\/rexfabold.excite.cloud\/fr-ca\/wp-json\/wp\/v2\/pages\/3098","targetHints":{"allow":["GET"]}}],"collection":[{"href":"https:\/\/rexfabold.excite.cloud\/fr-ca\/wp-json\/wp\/v2\/pages"}],"about":[{"href":"https:\/\/rexfabold.excite.cloud\/fr-ca\/wp-json\/wp\/v2\/types\/page"}],"author":[{"embeddable":true,"href":"https:\/\/rexfabold.excite.cloud\/fr-ca\/wp-json\/wp\/v2\/users\/1"}],"replies":[{"embeddable":true,"href":"https:\/\/rexfabold.excite.cloud\/fr-ca\/wp-json\/wp\/v2\/comments?post=3098"}],"version-history":[{"count":2,"href":"https:\/\/rexfabold.excite.cloud\/fr-ca\/wp-json\/wp\/v2\/pages\/3098\/revisions"}],"predecessor-version":[{"id":3100,"href":"https:\/\/rexfabold.excite.cloud\/fr-ca\/wp-json\/wp\/v2\/pages\/3098\/revisions\/3100"}],"wp:attachment":[{"href":"https:\/\/rexfabold.excite.cloud\/fr-ca\/wp-json\/wp\/v2\/media?parent=3098"}],"curies":[{"name":"wp","href":"https:\/\/api.w.org\/{rel}","templated":true}]}}