{"id":1177,"date":"2022-12-21T01:55:26","date_gmt":"2022-12-21T01:55:26","guid":{"rendered":"https:\/\/rexfabold.excite.cloud\/charger-de-panier-sr-pack\/"},"modified":"2024-01-25T17:05:38","modified_gmt":"2024-01-25T17:05:38","slug":"charger-de-panier-sr-pack","status":"publish","type":"page","link":"https:\/\/rexfabold.excite.cloud\/fr-ca\/charger-de-panier-sr-pack\/","title":{"rendered":"\u00c9quipement de mise en paniers par SR Pack"},"content":{"rendered":"<p>[et_pb_section fb_built=\u00a0\u00bb1&Prime; _builder_version=\u00a0\u00bb4.21.0&Prime; _module_preset=\u00a0\u00bbdefault\u00a0\u00bb background_image=\u00a0\u00bbhttps:\/\/rexfabold.excite.cloud\/wp-content\/uploads\/2023\/11\/header-sr-pack-basket-loader-1.jpg\u00a0\u00bb global_colors_info=\u00a0\u00bb{}\u00a0\u00bb][et_pb_row custom_padding_last_edited=\u00a0\u00bbon|phone\u00a0\u00bb _builder_version=\u00a0\u00bb4.19.3&Prime; _module_preset=\u00a0\u00bbdefault\u00a0\u00bb custom_padding=\u00a0\u00bb88px||88px||true|false\u00a0\u00bb custom_padding_tablet=\u00a0\u00bb88px||88px||true|false\u00a0\u00bb custom_padding_phone=\u00a0\u00bb14px||14px||true|false\u00a0\u00bb scroll_fade_enable=\u00a0\u00bbon\u00a0\u00bb motion_trigger_start=\u00a0\u00bbtop\u00a0\u00bb global_colors_info=\u00a0\u00bb{}\u00a0\u00bb][et_pb_column type=\u00a0\u00bb4_4&Prime; _builder_version=\u00a0\u00bb4.19.3&Prime; _module_preset=\u00a0\u00bbdefault\u00a0\u00bb global_colors_info=\u00a0\u00bb{}\u00a0\u00bb][et_pb_image src=\u00a0\u00bbhttps:\/\/rexfabold.excite.cloud\/wp-content\/uploads\/2022\/12\/triangle-accent-white.png\u00a0\u00bb title_text=\u00a0\u00bbtriangle-accent-white\u00a0\u00bb align=\u00a0\u00bbcenter\u00a0\u00bb _builder_version=\u00a0\u00bb4.19.3&Prime; _module_preset=\u00a0\u00bbdefault\u00a0\u00bb custom_margin=\u00a0\u00bb||0px||false|false\u00a0\u00bb global_colors_info=\u00a0\u00bb{}\u00a0\u00bb][\/et_pb_image][et_pb_text _builder_version=\u00a0\u00bb4.20.4&Prime; _module_preset=\u00a0\u00bbdefault\u00a0\u00bb text_font=\u00a0\u00bb|700|||||||\u00a0\u00bb text_text_color=\u00a0\u00bb#ffffff\u00a0\u00bb text_font_size=\u00a0\u00bb22px\u00a0\u00bb header_font=\u00a0\u00bb|700|||||||\u00a0\u00bb header_text_align=\u00a0\u00bbcenter\u00a0\u00bb header_text_color=\u00a0\u00bb#FFFFFF\u00a0\u00bb header_font_size=\u00a0\u00bb38px\u00a0\u00bb header_line_height=\u00a0\u00bb1.2em\u00a0\u00bb header_5_text_align=\u00a0\u00bbcenter\u00a0\u00bb header_5_text_color=\u00a0\u00bb#FFFFFF\u00a0\u00bb header_5_font_size=\u00a0\u00bb20px\u00a0\u00bb header_5_line_height=\u00a0\u00bb1.3em\u00a0\u00bb text_orientation=\u00a0\u00bbcenter\u00a0\u00bb global_colors_info=\u00a0\u00bb{}\u00a0\u00bb]<\/p>\n<h1>\u00c9QUIPEMENT DE MISE EN PANIERS PAR SR PACK<\/h1>\n<p>[\/et_pb_text][\/et_pb_column][\/et_pb_row][\/et_pb_section][et_pb_section fb_built=\u00a0\u00bb1&Prime; _builder_version=\u00a0\u00bb4.19.4&Prime; _module_preset=\u00a0\u00bbdefault\u00a0\u00bb custom_padding=\u00a0\u00bb3px|||||\u00a0\u00bb global_colors_info=\u00a0\u00bb{}\u00a0\u00bb][et_pb_row _builder_version=\u00a0\u00bb4.19.4&Prime; _module_preset=\u00a0\u00bbdefault\u00a0\u00bb global_colors_info=\u00a0\u00bb{}\u00a0\u00bb][et_pb_column type=\u00a0\u00bb4_4&Prime; _builder_version=\u00a0\u00bb4.19.4&Prime; _module_preset=\u00a0\u00bbdefault\u00a0\u00bb global_colors_info=\u00a0\u00bb{}\u00a0\u00bb][et_pb_image src=\u00a0\u00bbhttps:\/\/rexfabold.excite.cloud\/wp-content\/uploads\/2023\/10\/sr-pack-logo.png\u00a0\u00bb alt=\u00a0\u00bbSR Pack Logo\u00a0\u00bb title_text=\u00a0\u00bbSR Pack Logo\u00a0\u00bb align=\u00a0\u00bbcenter\u00a0\u00bb _builder_version=\u00a0\u00bb4.21.0&Prime; _module_preset=\u00a0\u00bbdefault\u00a0\u00bb locked=\u00a0\u00bboff\u00a0\u00bb global_colors_info=\u00a0\u00bb{}\u00a0\u00bb][\/et_pb_image][et_pb_text _builder_version=\u00a0\u00bb4.20.4&Prime; _module_preset=\u00a0\u00bbdefault\u00a0\u00bb text_text_color=\u00a0\u00bb#333333&Prime; text_line_height=\u00a0\u00bb1.4em\u00a0\u00bb max_width_tablet=\u00a0\u00bb\u00a0\u00bb max_width_phone=\u00a0\u00bb\u00a0\u00bb max_width_last_edited=\u00a0\u00bbon|desktop\u00a0\u00bb module_alignment=\u00a0\u00bbcenter\u00a0\u00bb global_colors_info=\u00a0\u00bb{}\u00a0\u00bb]<\/p>\n<p>Le chargeur de paniers SR Pack effectue une manipulation du produit en douceur en utilisant trempe vers le haut, combin\u00e9 avec des plaques lat\u00e9rales et des fixations pour diriger le produit vers la formation et le chargement. Le syst\u00e8me compresse l\u00e9g\u00e8rement le produit pour maximiser la production et r\u00e9duire les frais de transport.<\/p>\n<p>L&rsquo;installation d&rsquo;un chargeur de paniers SR Pack bonifie la flexibilit\u00e9 de votre boulangerie. Les op\u00e9rateurs en boulangeries peuvent facilement changer les mod\u00e8les d&#8217;emballage entre les paniers et les bo\u00eetes via un panneau de contr\u00f4le utilisant un menu. De plus, les options suivantes augmentent vos combinaisons d&#8217;emballage:<\/p>\n<ul>\n<li>V\u00e9rification du poids des bo\u00eetes<\/li>\n<li>V\u00e9rification de la hauteur<\/li>\n<li>Insertion d&rsquo;une couche de carton<\/li>\n<li>Tourne les paniers<\/li>\n<\/ul>\n<p>&nbsp;<\/p>\n<p>[\/et_pb_text][\/et_pb_column][\/et_pb_row][\/et_pb_section][et_pb_section fb_built=\u00a0\u00bb1&Prime; _builder_version=\u00a0\u00bb4.19.3&Prime; _module_preset=\u00a0\u00bbdefault\u00a0\u00bb use_background_color_gradient=\u00a0\u00bbon\u00a0\u00bb background_color_gradient_stops=\u00a0\u00bb#000000 0%|#5b5b5b 100%\u00a0\u00bb global_colors_info=\u00a0\u00bb{}\u00a0\u00bb][et_pb_row _builder_version=\u00a0\u00bb4.19.4&Prime; _module_preset=\u00a0\u00bbdefault\u00a0\u00bb max_width=\u00a0\u00bb913px\u00a0\u00bb max_width_tablet=\u00a0\u00bb913px\u00a0\u00bb max_width_phone=\u00a0\u00bb913px\u00a0\u00bb max_width_last_edited=\u00a0\u00bbon|phone\u00a0\u00bb scroll_fade_enable=\u00a0\u00bbon\u00a0\u00bb scroll_fade=\u00a0\u00bb0|50|50|50|0|100|100&Prime; global_colors_info=\u00a0\u00bb{}\u00a0\u00bb][et_pb_column type=\u00a0\u00bb4_4&Prime; _builder_version=\u00a0\u00bb4.19.3&Prime; _module_preset=\u00a0\u00bbdefault\u00a0\u00bb global_colors_info=\u00a0\u00bb{}\u00a0\u00bb][et_pb_text _builder_version=\u00a0\u00bb4.20.4&Prime; _module_preset=\u00a0\u00bbdefault\u00a0\u00bb header_font=\u00a0\u00bb|700|||||||\u00a0\u00bb header_text_align=\u00a0\u00bbcenter\u00a0\u00bb header_text_color=\u00a0\u00bb#00b1f0&Prime; header_font_size=\u00a0\u00bb38px\u00a0\u00bb header_2_font=\u00a0\u00bb|700|||||||\u00a0\u00bb header_2_text_align=\u00a0\u00bbcenter\u00a0\u00bb header_2_text_color=\u00a0\u00bb#00b1f0&Prime; header_2_font_size=\u00a0\u00bb30px\u00a0\u00bb header_2_line_height=\u00a0\u00bb1.2em\u00a0\u00bb header_5_text_align=\u00a0\u00bbcenter\u00a0\u00bb header_5_text_color=\u00a0\u00bb#FFFFFF\u00a0\u00bb header_5_font_size=\u00a0\u00bb20px\u00a0\u00bb header_5_line_height=\u00a0\u00bb1.3em\u00a0\u00bb global_colors_info=\u00a0\u00bb{}\u00a0\u00bb]<\/p>\n<h2>UN SYST\u00c8ME DE CHARGEMENT DES PANIERS ET DES BO\u00ceTES POLYVALENT<\/h2>\n<p>[\/et_pb_text][et_pb_text _builder_version=\u00a0\u00bb4.21.0&Prime; _module_preset=\u00a0\u00bbdefault\u00a0\u00bb text_text_color=\u00a0\u00bb#ffffff\u00a0\u00bb text_font_size=\u00a0\u00bb16px\u00a0\u00bb text_line_height=\u00a0\u00bb1.4em\u00a0\u00bb text_orientation=\u00a0\u00bbcenter\u00a0\u00bb max_width_tablet=\u00a0\u00bb\u00a0\u00bb max_width_phone=\u00a0\u00bb\u00a0\u00bb max_width_last_edited=\u00a0\u00bbon|desktop\u00a0\u00bb module_alignment=\u00a0\u00bbcenter\u00a0\u00bb global_colors_info=\u00a0\u00bb{}\u00a0\u00bb]<\/p>\n<p>Rexfab s&rsquo;est associ\u00e9 \u00e0 <a href=\"https:\/\/srpack.dk\/fr\/\" target=\"_blank\" rel=\"noopener\">SR Pack<\/a> pour fournir aux boulangers nord-am\u00e9ricains et les fabricants de produits alimentaires, un syst\u00e8me de chargements de paniers \u00e0 la fine pointe de la technologie qui g\u00e8re le chargement des bo\u00eetes \u00e0 la verticale ou horizontale et qui le chargement de paniers ou plateaux avec mod\u00e8les. Cette solution unique ne soul\u00e8ve pas vos produits lors du chargement des bo\u00eetes ou plateaux, ce qui \u00e9vite que les produits se d\u00e9placent \u00e0 l&rsquo;int\u00e9rieur de leurs sacs.<\/p>\n<p>&nbsp;<\/p>\n<p>[\/et_pb_text][\/et_pb_column][\/et_pb_row][\/et_pb_section][et_pb_section fb_built=\u00a0\u00bb1&Prime; _builder_version=\u00a0\u00bb4.19.4&Prime; _module_preset=\u00a0\u00bbdefault\u00a0\u00bb background_color=\u00a0\u00bb#FFFFFF\u00a0\u00bb global_colors_info=\u00a0\u00bb{}\u00a0\u00bb][et_pb_row column_structure=\u00a0\u00bb1_2,1_2&Prime; use_custom_gutter=\u00a0\u00bbon\u00a0\u00bb gutter_width=\u00a0\u00bb2&Prime; make_equal=\u00a0\u00bbon\u00a0\u00bb _builder_version=\u00a0\u00bb4.19.4&Prime; _module_preset=\u00a0\u00bbdefault\u00a0\u00bb width_tablet=\u00a0\u00bb\u00a0\u00bb width_phone=\u00a0\u00bb100%\u00a0\u00bb width_last_edited=\u00a0\u00bbon|phone\u00a0\u00bb max_width=\u00a0\u00bb1400px\u00a0\u00bb max_width_tablet=\u00a0\u00bb1400px\u00a0\u00bb max_width_phone=\u00a0\u00bb1400px\u00a0\u00bb max_width_last_edited=\u00a0\u00bbon|desktop\u00a0\u00bb custom_padding=\u00a0\u00bb0px||0px||true|false\u00a0\u00bb global_colors_info=\u00a0\u00bb{}\u00a0\u00bb][et_pb_column type=\u00a0\u00bb1_2&Prime; _builder_version=\u00a0\u00bb4.19.4&Prime; _module_preset=\u00a0\u00bbdefault\u00a0\u00bb global_colors_info=\u00a0\u00bb{}\u00a0\u00bb][et_pb_gallery gallery_ids=\u00a0\u00bb1349,1350,1351,1352,1353&Prime; fullwidth=\u00a0\u00bbon\u00a0\u00bb _builder_version=\u00a0\u00bb4.19.4&Prime; _module_preset=\u00a0\u00bbdefault\u00a0\u00bb max_width=\u00a0\u00bb70%\u00a0\u00bb max_width_tablet=\u00a0\u00bb80%\u00a0\u00bb max_width_phone=\u00a0\u00bb100%\u00a0\u00bb max_width_last_edited=\u00a0\u00bbon|desktop\u00a0\u00bb module_alignment=\u00a0\u00bbcenter\u00a0\u00bb global_colors_info=\u00a0\u00bb{}\u00a0\u00bb][\/et_pb_gallery][\/et_pb_column][et_pb_column type=\u00a0\u00bb1_2&Prime; _builder_version=\u00a0\u00bb4.19.4&Prime; _module_preset=\u00a0\u00bbdefault\u00a0\u00bb global_colors_info=\u00a0\u00bb{}\u00a0\u00bb][et_pb_text _builder_version=\u00a0\u00bb4.20.4&Prime; _module_preset=\u00a0\u00bbdefault\u00a0\u00bb header_3_font=\u00a0\u00bb|700|||||||\u00a0\u00bb header_3_font_size=\u00a0\u00bb24px\u00a0\u00bb header_4_line_height=\u00a0\u00bb2em\u00a0\u00bb custom_padding=\u00a0\u00bb24px|14px|24px|14px|true|true\u00a0\u00bb custom_padding_tablet=\u00a0\u00bb24px|14px|24px|14px|true|true\u00a0\u00bb custom_padding_phone=\u00a0\u00bb24px|24px|24px|24px|true|true\u00a0\u00bb custom_padding_last_edited=\u00a0\u00bbon|desktop\u00a0\u00bb global_colors_info=\u00a0\u00bb{}\u00a0\u00bb]<\/p>\n<h3>Pourquoi votre boulangerie devrait installer un chargeur de panier SR Pack?<\/h3>\n<p>&nbsp;<\/p>\n<ul>\n<li>Combinez le chargement de paniers et de bo\u00eetes avec le m\u00eame \u00e9quipement.<\/li>\n<li>Maintenir l&rsquo;int\u00e9grit\u00e9 de votre emballage avec une technologie qui ne soul\u00e8ve pas votre produit<\/li>\n<li>Con\u00e7u pour des op\u00e9rations \u00e0 grande vitesse et performance<\/li>\n<li>Aucun op\u00e9rateur requis &#8211; r\u00e9alisez une v\u00e9ritable automatisation<\/li>\n<li>La conception compacte s&rsquo;int\u00e8gre dans une nouvelle ligne de production ou une existante<\/li>\n<li>R\u00e9duisez vos co\u00fbts de transpot gr\u00e2ce \u00e0 des mod\u00e8les de produits compress\u00e9s<\/li>\n<\/ul>\n<p>[\/et_pb_text][\/et_pb_column][\/et_pb_row][\/et_pb_section][et_pb_section fb_built=\u00a0\u00bb1&Prime; _builder_version=\u00a0\u00bb4.19.4&Prime; _module_preset=\u00a0\u00bbdefault\u00a0\u00bb background_color=\u00a0\u00bb#006da4&Prime; custom_padding=\u00a0\u00bb24px||24px||false|false\u00a0\u00bb global_colors_info=\u00a0\u00bb{}\u00a0\u00bb][et_pb_row _builder_version=\u00a0\u00bb4.19.4&Prime; _module_preset=\u00a0\u00bbdefault\u00a0\u00bb custom_padding=\u00a0\u00bb||0px||false|false\u00a0\u00bb global_colors_info=\u00a0\u00bb{}\u00a0\u00bb][et_pb_column type=\u00a0\u00bb4_4&Prime; _builder_version=\u00a0\u00bb4.19.3&Prime; _module_preset=\u00a0\u00bbdefault\u00a0\u00bb global_colors_info=\u00a0\u00bb{}\u00a0\u00bb][et_pb_text _builder_version=\u00a0\u00bb4.20.4&Prime; _module_preset=\u00a0\u00bbdefault\u00a0\u00bb header_font=\u00a0\u00bb|700|||||||\u00a0\u00bb header_text_align=\u00a0\u00bbcenter\u00a0\u00bb header_text_color=\u00a0\u00bb#00b1f0&Prime; header_font_size=\u00a0\u00bb38px\u00a0\u00bb header_2_font=\u00a0\u00bb|700|||||||\u00a0\u00bb header_2_text_align=\u00a0\u00bbcenter\u00a0\u00bb header_2_text_color=\u00a0\u00bb#ffffff\u00a0\u00bb header_2_font_size=\u00a0\u00bb30px\u00a0\u00bb header_5_text_align=\u00a0\u00bbcenter\u00a0\u00bb header_5_text_color=\u00a0\u00bb#FFFFFF\u00a0\u00bb header_5_font_size=\u00a0\u00bb20px\u00a0\u00bb header_5_line_height=\u00a0\u00bb1.3em\u00a0\u00bb global_colors_info=\u00a0\u00bb{}\u00a0\u00bb]<\/p>\n<h2>En apprendre davantage sur l&#8217;empilage de paniers avec chargeur \u00e0 roulettes<\/h2>\n<p>[\/et_pb_text][\/et_pb_column][\/et_pb_row][et_pb_row column_structure=\u00a0\u00bb1_3,1_3,1_3&Prime; use_custom_gutter=\u00a0\u00bbon\u00a0\u00bb gutter_width=\u00a0\u00bb2&Prime; _builder_version=\u00a0\u00bb4.19.4&Prime; _module_preset=\u00a0\u00bbdefault\u00a0\u00bb width_tablet=\u00a0\u00bb\u00a0\u00bb width_phone=\u00a0\u00bb100%\u00a0\u00bb width_last_edited=\u00a0\u00bbon|phone\u00a0\u00bb max_width_tablet=\u00a0\u00bb\u00a0\u00bb max_width_phone=\u00a0\u00bb\u00a0\u00bb max_width_last_edited=\u00a0\u00bbon|phone\u00a0\u00bb global_colors_info=\u00a0\u00bb{}\u00a0\u00bb][et_pb_column type=\u00a0\u00bb1_3&Prime; _builder_version=\u00a0\u00bb4.19.4&Prime; _module_preset=\u00a0\u00bbdefault\u00a0\u00bb global_colors_info=\u00a0\u00bb{}\u00a0\u00bb][\/et_pb_column][et_pb_column type=\u00a0\u00bb1_3&Prime; _builder_version=\u00a0\u00bb4.19.4&Prime; _module_preset=\u00a0\u00bbdefault\u00a0\u00bb global_colors_info=\u00a0\u00bb{}\u00a0\u00bb][et_pb_blurb title=\u00a0\u00bbEN APPRENDRE DAVANTAGE\u00a0\u00bb image=\u00a0\u00bbhttps:\/\/rexfabold.excite.cloud\/wp-content\/uploads\/2022\/12\/learn-more-1.svg\u00a0\u00bb alt=\u00a0\u00bbservice\u00a0\u00bb image_icon_width=\u00a0\u00bb18%\u00a0\u00bb _builder_version=\u00a0\u00bb4.20.4&Prime; _module_preset=\u00a0\u00bbdefault\u00a0\u00bb header_text_color=\u00a0\u00bb#FFFFFF\u00a0\u00bb header_font_size=\u00a0\u00bb16px\u00a0\u00bb background_color=\u00a0\u00bbRGBA(255,255,255,0)\u00a0\u00bb image_icon_custom_margin=\u00a0\u00bb||||false|false\u00a0\u00bb image_icon_custom_padding_tablet=\u00a0\u00bb18px|14px|18px|14px|true|true\u00a0\u00bb image_icon_custom_padding_phone=\u00a0\u00bb14px|10px|14px|10px|true|true\u00a0\u00bb image_icon_custom_padding_last_edited=\u00a0\u00bboff|desktop\u00a0\u00bb text_orientation=\u00a0\u00bbcenter\u00a0\u00bb link_option_url=\u00a0\u00bbmailto:rexfab@rexfab.com\u00a0\u00bb custom_css_blurb_image=\u00a0\u00bbbackground: #01b0ef !important;||border-radius: 150px;||margin-bottom: 16px;||\u00a0\u00bb border_radii_image=\u00a0\u00bbon|34px|34px|34px|34px\u00a0\u00bb global_colors_info=\u00a0\u00bb{}\u00a0\u00bb][\/et_pb_blurb][et_pb_blurb title=\u00a0\u00bbCARACT\u00c9RISTIQUES\u00a0\u00bb image=\u00a0\u00bbhttps:\/\/rexfabold.excite.cloud\/wp-content\/uploads\/2022\/12\/specifications-1.svg\u00a0\u00bb alt=\u00a0\u00bbvid\u00e9o\u00a0\u00bb image_icon_width=\u00a0\u00bb18%\u00a0\u00bb disabled_on=\u00a0\u00bbon|on|on\u00a0\u00bb _builder_version=\u00a0\u00bb4.21.0&Prime; _module_preset=\u00a0\u00bbdefault\u00a0\u00bb header_text_color=\u00a0\u00bb#FFFFFF\u00a0\u00bb header_font_size=\u00a0\u00bb16px\u00a0\u00bb background_color=\u00a0\u00bbRGBA(255,255,255,0)\u00a0\u00bb image_icon_custom_margin_tablet=\u00a0\u00bb10px|10px|10px|10px|true|true\u00a0\u00bb image_icon_custom_margin_phone=\u00a0\u00bb10px|10px|10px|10px|true|true\u00a0\u00bb image_icon_custom_margin_last_edited=\u00a0\u00bbon|tablet\u00a0\u00bb image_icon_custom_padding_tablet=\u00a0\u00bb8px|8px|8px|8px|true|true\u00a0\u00bb image_icon_custom_padding_phone=\u00a0\u00bb8px|8px|8px|8px|true|true\u00a0\u00bb image_icon_custom_padding_last_edited=\u00a0\u00bbon|tablet\u00a0\u00bb text_orientation=\u00a0\u00bbcenter\u00a0\u00bb custom_margin=\u00a0\u00bb0px||0px||false|false\u00a0\u00bb custom_margin_last_edited=\u00a0\u00bboff|phone\u00a0\u00bb custom_padding=\u00a0\u00bb0px||0px||false|false\u00a0\u00bb custom_padding_last_edited=\u00a0\u00bboff|phone\u00a0\u00bb link_option_url=\u00a0\u00bbhttps:\/\/rexfabold.excite.cloud\/wp-content\/uploads\/2022\/12\/Spec-Sheets-SR-Pack-Basket-Loader.pdf\u00a0\u00bb link_option_url_new_window=\u00a0\u00bbon\u00a0\u00bb custom_css_blurb_image=\u00a0\u00bbbackground: #01b0ef !important;||border-radius: 150px;||margin-bottom: 16px;||\u00a0\u00bb border_radii_image=\u00a0\u00bbon|34px|34px|34px|34px\u00a0\u00bb disabled=\u00a0\u00bbon\u00a0\u00bb global_colors_info=\u00a0\u00bb{}\u00a0\u00bb][\/et_pb_blurb][\/et_pb_column][et_pb_column type=\u00a0\u00bb1_3&Prime; _builder_version=\u00a0\u00bb4.19.4&Prime; _module_preset=\u00a0\u00bbdefault\u00a0\u00bb global_colors_info=\u00a0\u00bb{}\u00a0\u00bb][et_pb_blurb title=\u00a0\u00bbEXPLORER\u00a0\u00bb image=\u00a0\u00bbhttps:\/\/rexfabold.excite.cloud\/wp-content\/uploads\/2022\/12\/explore-1.svg\u00a0\u00bb alt=\u00a0\u00bbCARRI\u00c8RES\u00a0\u00bb image_icon_width=\u00a0\u00bb18%\u00a0\u00bb _builder_version=\u00a0\u00bb4.19.4&Prime; _module_preset=\u00a0\u00bbdefault\u00a0\u00bb header_text_color=\u00a0\u00bb#FFFFFF\u00a0\u00bb header_font_size=\u00a0\u00bb16px\u00a0\u00bb background_color=\u00a0\u00bbRGBA(255,255,255,0)\u00a0\u00bb image_icon_custom_margin_tablet=\u00a0\u00bb8px|0px|8px|0px|true|true\u00a0\u00bb image_icon_custom_margin_phone=\u00a0\u00bb2px|4px|2px|4px|true|true\u00a0\u00bb image_icon_custom_margin_last_edited=\u00a0\u00bboff|desktop\u00a0\u00bb image_icon_custom_padding_tablet=\u00a0\u00bb8px|8px|8px|8px|true|true\u00a0\u00bb image_icon_custom_padding_phone=\u00a0\u00bb7px|10px|7px|10px|true|true\u00a0\u00bb image_icon_custom_padding_last_edited=\u00a0\u00bboff|desktop\u00a0\u00bb text_orientation=\u00a0\u00bbcenter\u00a0\u00bb link_option_url=\u00a0\u00bbhttps:\/\/rexfabold.excite.cloud\/fr-ca\/solutions-automatisees\/\u00a0\u00bb custom_css_blurb_image=\u00a0\u00bbbackground: #01b0ef !important;||border-radius: 150px;||margin-bottom: 16px;||\u00a0\u00bb border_radii_image=\u00a0\u00bbon|35px|35px|35px|35px\u00a0\u00bb global_colors_info=\u00a0\u00bb{}\u00a0\u00bb][\/et_pb_blurb][et_pb_blurb title=\u00a0\u00bbVID\u00c9O\u00a0\u00bb image=\u00a0\u00bbhttps:\/\/rexfabold.excite.cloud\/wp-content\/uploads\/2022\/12\/video-1.svg\u00a0\u00bb alt=\u00a0\u00bbCARRI\u00c8RES\u00a0\u00bb image_icon_width=\u00a0\u00bb18%\u00a0\u00bb disabled_on=\u00a0\u00bbon|on|on\u00a0\u00bb _builder_version=\u00a0\u00bb4.21.0&Prime; _module_preset=\u00a0\u00bbdefault\u00a0\u00bb header_text_color=\u00a0\u00bb#FFFFFF\u00a0\u00bb header_font_size=\u00a0\u00bb16px\u00a0\u00bb background_color=\u00a0\u00bbRGBA(255,255,255,0)\u00a0\u00bb image_icon_custom_margin_tablet=\u00a0\u00bb8px|0px|8px|0px|true|true\u00a0\u00bb image_icon_custom_margin_phone=\u00a0\u00bb2px|4px|2px|4px|true|true\u00a0\u00bb image_icon_custom_margin_last_edited=\u00a0\u00bboff|desktop\u00a0\u00bb image_icon_custom_padding_tablet=\u00a0\u00bb8px|8px|8px|8px|true|true\u00a0\u00bb image_icon_custom_padding_phone=\u00a0\u00bb7px|10px|7px|10px|true|true\u00a0\u00bb image_icon_custom_padding_last_edited=\u00a0\u00bboff|desktop\u00a0\u00bb text_orientation=\u00a0\u00bbcenter\u00a0\u00bb link_option_url=\u00a0\u00bbhttps:\/\/rexfabold.excite.cloud\/wp-content\/uploads\/2023\/10\/chargeur-de-panier-SR-Pack.m4v\u00a0\u00bb link_option_url_new_window=\u00a0\u00bbon\u00a0\u00bb custom_css_blurb_image=\u00a0\u00bbbackground: #01b0ef !important;||border-radius: 150px;||margin-bottom: 16px;||\u00a0\u00bb border_radii_image=\u00a0\u00bbon|35px|35px|35px|35px\u00a0\u00bb disabled=\u00a0\u00bbon\u00a0\u00bb global_colors_info=\u00a0\u00bb{}\u00a0\u00bb][\/et_pb_blurb][\/et_pb_column][\/et_pb_row][\/et_pb_section][et_pb_section fb_built=\u00a0\u00bb1&Prime; _builder_version=\u00a0\u00bb4.19.3&Prime; _module_preset=\u00a0\u00bbdefault\u00a0\u00bb background_color=\u00a0\u00bb#00a8e1&Prime; custom_padding=\u00a0\u00bb0px||0px||false|false\u00a0\u00bb locked=\u00a0\u00bboff\u00a0\u00bb global_colors_info=\u00a0\u00bb{}\u00a0\u00bb][et_pb_row _builder_version=\u00a0\u00bb4.19.4&Prime; _module_preset=\u00a0\u00bbdefault\u00a0\u00bb width_tablet=\u00a0\u00bb100%\u00a0\u00bb width_phone=\u00a0\u00bb100%\u00a0\u00bb width_last_edited=\u00a0\u00bbon|phone\u00a0\u00bb global_colors_info=\u00a0\u00bb{}\u00a0\u00bb][et_pb_column type=\u00a0\u00bb4_4&Prime; _builder_version=\u00a0\u00bb4.19.3&Prime; _module_preset=\u00a0\u00bbdefault\u00a0\u00bb global_colors_info=\u00a0\u00bb{}\u00a0\u00bb][et_pb_text _builder_version=\u00a0\u00bb4.20.4&Prime; _module_preset=\u00a0\u00bbdefault\u00a0\u00bb header_font=\u00a0\u00bb|700|||||||\u00a0\u00bb header_text_align=\u00a0\u00bbcenter\u00a0\u00bb header_text_color=\u00a0\u00bb#00b1f0&Prime; header_font_size=\u00a0\u00bb38px\u00a0\u00bb header_2_font=\u00a0\u00bb|700|||||||\u00a0\u00bb header_2_text_align=\u00a0\u00bbcenter\u00a0\u00bb header_2_text_color=\u00a0\u00bb#ffffff\u00a0\u00bb header_2_font_size=\u00a0\u00bb30px\u00a0\u00bb header_5_text_align=\u00a0\u00bbcenter\u00a0\u00bb header_5_text_color=\u00a0\u00bb#FFFFFF\u00a0\u00bb header_5_font_size=\u00a0\u00bb20px\u00a0\u00bb header_5_line_height=\u00a0\u00bb1.3em\u00a0\u00bb max_width=\u00a0\u00bb70%\u00a0\u00bb max_width_tablet=\u00a0\u00bb100%\u00a0\u00bb max_width_phone=\u00a0\u00bb100%\u00a0\u00bb max_width_last_edited=\u00a0\u00bbon|phone\u00a0\u00bb module_alignment=\u00a0\u00bbcenter\u00a0\u00bb custom_margin=\u00a0\u00bb||0px||false|false\u00a0\u00bb custom_padding=\u00a0\u00bb|24px|0px|24px|false|true\u00a0\u00bb header_2_font_size_tablet=\u00a0\u00bb26px\u00a0\u00bb header_2_font_size_phone=\u00a0\u00bb26px\u00a0\u00bb header_2_font_size_last_edited=\u00a0\u00bbon|phone\u00a0\u00bb global_colors_info=\u00a0\u00bb{}\u00a0\u00bb]<\/p>\n<h2>Pr\u00eat \u00e0 installer un syst\u00e8me qui g\u00e8re \u00e0 la fois les paniers et les bo\u00eetes? Vous savez quoi faire.<\/h2>\n<p>[\/et_pb_text][et_pb_code _builder_version=\u00a0\u00bb4.19.4&Prime; _module_preset=\u00a0\u00bbdefault\u00a0\u00bb text_orientation=\u00a0\u00bbcenter\u00a0\u00bb global_colors_info=\u00a0\u00bb{}\u00a0\u00bb]<\/p>\n<div id=\"zf_div_gHVOZGnClkFqK7YwmEuL5fyIY_Wug3JBccUaCgc1bKw\"><\/div>\n<p><script type=\"text\/javascript\">(function() {<!-- [et_pb_line_break_holder] -->try{<!-- [et_pb_line_break_holder] -->var f = document.createElement(\"iframe\");<!-- [et_pb_line_break_holder] -->f.src = 'https:\/\/forms.zohopublic.com\/rexfab1\/form\/ContactFormChargeurdePanierSRPackFR\/formperma\/gHVOZGnClkFqK7YwmEuL5fyIY_Wug3JBccUaCgc1bKw?zf_rszfm=1';<!-- [et_pb_line_break_holder] --><!-- [et_pb_line_break_holder] -->f.style.border=\"none\";<!-- [et_pb_line_break_holder] -->f.style.height=\"968px\";<!-- [et_pb_line_break_holder] -->f.style.width=\"90%\";<!-- [et_pb_line_break_holder] -->f.style.transition=\"all 0.5s ease\";<!-- [et_pb_line_break_holder] -->var d = document.getElementById(\"zf_div_gHVOZGnClkFqK7YwmEuL5fyIY_Wug3JBccUaCgc1bKw\");<!-- [et_pb_line_break_holder] -->d.appendChild(f);<!-- [et_pb_line_break_holder] -->window.addEventListener('message', function (){<!-- [et_pb_line_break_holder] -->var evntData = event.data;<!-- [et_pb_line_break_holder] -->if( evntData && evntData.constructor == String ){<!-- [et_pb_line_break_holder] -->var zf_ifrm_data = evntData.split(\"|\");<!-- [et_pb_line_break_holder] -->if ( zf_ifrm_data.length == 2 ) {<!-- [et_pb_line_break_holder] -->var zf_perma = zf_ifrm_data[0];<!-- [et_pb_line_break_holder] -->var zf_ifrm_ht_nw = ( parseInt(zf_ifrm_data[1], 10) + 15 ) + \"px\";<!-- [et_pb_line_break_holder] -->var iframe = document.getElementById(\"zf_div_gHVOZGnClkFqK7YwmEuL5fyIY_Wug3JBccUaCgc1bKw\").getElementsByTagName(\"iframe\")[0];<!-- [et_pb_line_break_holder] -->if ( (iframe.src).indexOf('formperma') > 0 && (iframe.src).indexOf(zf_perma) > 0 ) {<!-- [et_pb_line_break_holder] -->var prevIframeHeight = iframe.style.height;<!-- [et_pb_line_break_holder] -->if ( prevIframeHeight != zf_ifrm_ht_nw ) {<!-- [et_pb_line_break_holder] -->iframe.style.height = zf_ifrm_ht_nw;<!-- [et_pb_line_break_holder] -->}<!-- [et_pb_line_break_holder] -->}<!-- [et_pb_line_break_holder] -->}<!-- [et_pb_line_break_holder] -->}<!-- [et_pb_line_break_holder] -->}, false);<!-- [et_pb_line_break_holder] -->}catch(e){}<!-- [et_pb_line_break_holder] -->})();<\/script>[\/et_pb_code][\/et_pb_column][\/et_pb_row][\/et_pb_section]<\/p>\n","protected":false},"excerpt":{"rendered":"<p>\u00c9QUIPEMENT DE MISE EN PANIERS PAR SR PACKLe chargeur de paniers SR Pack effectue une manipulation du produit en douceur en utilisant trempe vers le haut, combin\u00e9 avec des plaques lat\u00e9rales et des fixations pour diriger le produit vers la formation et le chargement. Le syst\u00e8me compresse l\u00e9g\u00e8rement le produit pour maximiser la production et [&hellip;]<\/p>\n","protected":false},"author":1,"featured_media":0,"parent":0,"menu_order":0,"comment_status":"closed","ping_status":"closed","template":"","meta":{"_et_pb_use_builder":"on","_et_pb_old_content":"","_et_gb_content_width":"","footnotes":""},"class_list":["post-1177","page","type-page","status-publish","hentry"],"_links":{"self":[{"href":"https:\/\/rexfabold.excite.cloud\/fr-ca\/wp-json\/wp\/v2\/pages\/1177","targetHints":{"allow":["GET"]}}],"collection":[{"href":"https:\/\/rexfabold.excite.cloud\/fr-ca\/wp-json\/wp\/v2\/pages"}],"about":[{"href":"https:\/\/rexfabold.excite.cloud\/fr-ca\/wp-json\/wp\/v2\/types\/page"}],"author":[{"embeddable":true,"href":"https:\/\/rexfabold.excite.cloud\/fr-ca\/wp-json\/wp\/v2\/users\/1"}],"replies":[{"embeddable":true,"href":"https:\/\/rexfabold.excite.cloud\/fr-ca\/wp-json\/wp\/v2\/comments?post=1177"}],"version-history":[{"count":24,"href":"https:\/\/rexfabold.excite.cloud\/fr-ca\/wp-json\/wp\/v2\/pages\/1177\/revisions"}],"predecessor-version":[{"id":3027,"href":"https:\/\/rexfabold.excite.cloud\/fr-ca\/wp-json\/wp\/v2\/pages\/1177\/revisions\/3027"}],"wp:attachment":[{"href":"https:\/\/rexfabold.excite.cloud\/fr-ca\/wp-json\/wp\/v2\/media?parent=1177"}],"curies":[{"name":"wp","href":"https:\/\/api.w.org\/{rel}","templated":true}]}}